{"id":14235,"date":"2023-07-10T06:08:45","date_gmt":"2023-07-10T04:08:45","guid":{"rendered":"https:\/\/fondation-cnrs.org\/consent-to-cookies\/"},"modified":"2024-12-12T16:57:57","modified_gmt":"2024-12-12T14:57:57","slug":"consent-to-cookies","status":"publish","type":"page","link":"https:\/\/fondation-cnrs.org\/en\/consent-to-cookies\/","title":{"rendered":"Consent to Cookies"},"content":{"rendered":"\t\t<div data-elementor-type=\"wp-page\" data-elementor-id=\"14235\" class=\"elementor elementor-14235 elementor-1370\" data-elementor-settings=\"{&quot;ha_cmc_init_switcher&quot;:&quot;no&quot;}\" data-elementor-post-type=\"page\">\n\t\t\t\t\t\t<section class=\"elementor-section elementor-top-section elementor-element elementor-element-d404033 elementor-section-full_width elementor-section-height-min-height elementor-section-items-top elementor-section-content-top elementor-section-height-default\" data-id=\"d404033\" data-element_type=\"section\" data-settings=\"{&quot;background_background&quot;:&quot;classic&quot;,&quot;_ha_eqh_enable&quot;:false}\">\n\t\t\t\t\t\t<div class=\"elementor-container elementor-column-gap-default\">\n\t\t\t\t\t<div class=\"elementor-column elementor-col-100 elementor-top-column elementor-element elementor-element-e4f4bfc\" data-id=\"e4f4bfc\" data-element_type=\"column\">\n\t\t\t<div class=\"elementor-widget-wrap elementor-element-populated\">\n\t\t\t\t\t\t<div class=\"elementor-element elementor-element-7579db0 elementor-widget elementor-widget-heading\" data-id=\"7579db0\" data-element_type=\"widget\" data-settings=\"{&quot;_animation&quot;:&quot;none&quot;}\" data-widget_type=\"heading.default\">\n\t\t\t\t<div class=\"elementor-widget-container\">\n\t\t\t\t\t<h1 class=\"elementor-heading-title elementor-size-default\">Consent to Cookies<\/h1>\t\t\t\t<\/div>\n\t\t\t\t<\/div>\n\t\t\t\t\t<\/div>\n\t\t<\/div>\n\t\t\t\t\t<\/div>\n\t\t<\/section>\n\t\t\t\t<section class=\"elementor-section elementor-top-section elementor-element elementor-element-fb2ff5d elementor-section-full_width elementor-section-height-default elementor-section-height-default\" data-id=\"fb2ff5d\" data-element_type=\"section\" data-settings=\"{&quot;_ha_eqh_enable&quot;:false}\">\n\t\t\t\t\t\t<div class=\"elementor-container elementor-column-gap-default\">\n\t\t\t\t\t<div class=\"elementor-column elementor-col-50 elementor-top-column elementor-element elementor-element-ce59ab5\" data-id=\"ce59ab5\" data-element_type=\"column\">\n\t\t\t<div class=\"elementor-widget-wrap elementor-element-populated\">\n\t\t\t\t\t\t<div class=\"elementor-element elementor-element-e0cb7f5 elementor-widget elementor-widget-text-editor\" data-id=\"e0cb7f5\" data-element_type=\"widget\" data-widget_type=\"text-editor.default\">\n\t\t\t\t<div class=\"elementor-widget-container\">\n\t\t\t\t\t\t\t\t\t<p>When you access the https:\/\/fondation-cnrs.org website for the first time, a banner at the bottom of the page informs you that data relating to your browsing will be stored in specific files called &#8220;cookies&#8221; or connection files.<\/p>\n<p>In order to better inform you about their role, the constraints related to their acceptance or refusal and the steps to follow to block their installation on your computer, The CNRS Foundation presents its cookie management policy established within the framework of the General Regulation for Data Protection (RGPD).<\/p>\n<h2> <\/h2>\n<h2>1\u00b0 The role of cookies or connection files<\/h2>\n<p>Cookies enable us to collect information about your visit to our website (https:\/\/fondation-cnrs.org), so that we can adjust and orientate your browsing in the best possible way. Managed by the browser, connection files enable us to determine the exact services and information you are looking for, based on the sections and pages you visit.<\/p>\n<p>For optimal use of the website and its services, different types of cookies are used depending on their purpose:<\/p>\n<ul class=\"list-pr\">\n<li>session cookies are mainly installed on e-commerce sites to save certain data entered beforehand for the duration of the browsing sequence,<\/li>\n<li>functional cookies take into account browsing preferences (language, screen resolution, etc.), or manage information entered during previous browsing sessions (login details, services subscribed to, data entered, etc.),<\/li>\n<li>Analytical cookies are used to count Internet users and analyze their behavior while visiting the website, in order to generate visitor statistics,<\/li>\n<li>third-party cookies are placed on the user&#8217;s browser by advertising agencies or website partners, as well as by social networks and video platforms linked to the site.<\/li>\n<\/ul>\n<p>The data collected by the connection files do not allow you to be identified by name. They are only used for the proper operation of the website and are never communicated by the CNRS Foundation to other organizations.<\/p>\n<h2> <\/h2>\n<h2> <\/h2>\n<h2>2\u00b0 Cookies present on the website<\/h2>\n<p>Depending on their nature and the type of data they collect, the cookies used on the https:\/\/fondation-cnrs.org website either require your consent for their use, or are exempt from this requirement.<\/p>\n<h2> <\/h2>\n<h2>2.1\u00b0 Functional cookies<\/h2>\n<p>The French Data Protection Authority (Commission Nationale de l&#8217;Informatique et des Libert\u00e9s &#8211; CNIL) recommends that cookies necessary for the proper operation of the website, or whose sole purpose is to facilitate electronic communication, should not require consent.<\/p>\n<p>This mainly concerns session ID cookies, media player session cookies, authentication cookies, load balancing or created session cookies, as well as cookies for personalizing your user interface.<\/p>\n<h2> <\/h2>\n<h2>2.2\u00b0 Tracking cookies<\/h2>\n<p>According to current legislation confirmed by the RGPD (General Regulation for Data Protection) all cookies enabling targeting or profiling require before they are sent to your browser: the collection of your consent, the possibility of objecting to their use, information that continued browsing implies consent to the deposit of cookies on your terminal.<\/p>\n<p>This concerns both social network sharing cookies (Facebook, etc.) and video platform cookies (Youtube), which are therefore subject to the privacy policies of the publishers of these software applications.<\/p>\n<h2> <\/h2>\n<h2>2.2.1\u00b0 Data sharing cookies<\/h2>\n<p>Social network sharing cookies (Facebook, etc.) are issued and managed by the application publishers. Subject to your consent, these cookies enable you to easily share content published on the website: https:\/\/fondation-cnrs.org using the dedicated application buttons.<\/p>\n<p>The privacy policies of the social networks are available on the following pages:<\/p>\n<ul class=\"list-pr\">\n<li>Facebook: https:\/\/fr-fr.facebook.com\/privacy\/explanation<\/li>\n<li>Twitter: https:\/\/twitter.com\/fr\/privacy#update<\/li>\n<li>LinkedIn: https:\/\/fr.linkedin.com\/legal\/privacy-policy<\/li>\n<li>Instagram: https:\/\/help.instagram.com\/519522125107875<\/li>\n<li>Pinterest: https:\/\/policy.pinterest.com\/fr\/privacy-policy<\/li>\n<\/ul>\n<h2> <\/h2>\n<h2>2.2.2\u00b0 Video platform cookies<\/h2>\n<p>YouTube video viewing cookies are issued and managed by the video platform&#8217;s publisher. Subject to your consent, these cookies are sent to your browser when you play videos published on the website: https:\/\/fondation-cnrs.org and hosted on the platform.<\/p>\n<p>YouTube&#8217;s privacy policy is available at https:\/\/policies.google.com\/privacy?hl=fr-CA.<\/p>\n<h2> <\/h2>\n<h2>3\u00b0 Acceptance or refusal of cookies<\/h2>\n<p>When you first visit the https:\/\/fondation-cnrs.org website, a banner is displayed at the bottom of the page to enable you to accept or reject cookies. This banner also indicates the purpose for which cookies are sent to your Internet browser.<\/p>\n<p>You can also set your Internet browser to notify you when cookies are placed, with the option of accepting or rejecting them. Depending on the browser used, the cookie management settings (acceptance or refusal) may differ.<\/p>\n<p>Below are the addresses of the dedicated pages for each of the main browsers:<\/p>\n<ul class=\"list-pr\">\n<li>Microsoft Internet Explorer: http:\/\/windows.microsoft.com\/fr-FR\/windows-vista\/Block-or-allow-cookies<\/li>\n<li>Google Chrome: https:\/\/support.google.com\/chrome\/answer\/95647?hl=fr<\/li>\n<li>Safari: https:\/\/support.apple.com\/fr-fr\/guide\/safari\/sfri11471\/mac<\/li>\n<li>Firefox: https:\/\/support.mozilla.org\/fr\/kb\/autoriser-bloquer-cookies-preferences-sites<\/li>\n<li>Opera: https:\/\/help.opera.com\/en\/latest\/web-preferences\/#cookies<\/li>\n<\/ul>\n<p>Please note: Rejecting cookies may prevent you from customizing your browsing experience on the https:\/\/fondation-cnrs.org website, so it&#8217;s important that you configure your browser accordingly.<\/p>\n<h2> <\/h2>\n<h2>4\u00b0 Revocation of consent to cookies<\/h2>\n<p>It is possible to revoke <a class=\"wt-cli-manage-consent-link\">consent to<\/a> third-party and analytical <a class=\"wt-cli-manage-consent-link\">cookies<\/a> at any time.<\/p>\n<h2> <\/h2>\n<h2>5\u00b0 Privacy policy<\/h2>\n<p>To learn more about the CNRS Foundation&#8217;s privacy policy: <a href=\"https:\/\/fondation-cnrs.org\/en\/privacy-policy\/\">click here<\/a>.<\/p>\n\t\t\t\t\t\t\t\t<\/div>\n\t\t\t\t<\/div>\n\t\t\t\t\t<\/div>\n\t\t<\/div>\n\t\t\t\t<div class=\"elementor-column elementor-col-50 elementor-top-column elementor-element elementor-element-e31c112 elementor-hidden-tablet elementor-hidden-mobile_extra elementor-hidden-mobile\" data-id=\"e31c112\" data-element_type=\"column\">\n\t\t\t<div class=\"elementor-widget-wrap\">\n\t\t\t\t\t\t\t<\/div>\n\t\t<\/div>\n\t\t\t\t\t<\/div>\n\t\t<\/section>\n\t\t\t\t<\/div>\n\t\t","protected":false},"excerpt":{"rendered":"<p>Consent to Cookies When you access the https:\/\/fondation-cnrs.org website for the first time, a banner at the bottom of the page informs you that data relating to your browsing will be stored in specific files called &#8220;cookies&#8221; or connection files. In order to better inform you about their role, the constraints related to their acceptance [&hellip;]<\/p>\n","protected":false},"author":1,"featured_media":0,"parent":0,"menu_order":0,"comment_status":"closed","ping_status":"closed","template":"elementor_header_footer","meta":{"_acf_changed":false,"inline_featured_image":false,"footnotes":""},"class_list":["post-14235","page","type-page","status-publish","hentry"],"acf":[],"yoast_head":"<!-- This site is optimized with the Yoast SEO Premium plugin v25.9 (Yoast SEO v25.9) - https:\/\/yoast.com\/wordpress\/plugins\/seo\/ -->\n<title>Consent to Cookies - CNRS Foundation<\/title>\n<meta name=\"description\" content=\"Consent to Cookies\" \/>\n<meta name=\"robots\" content=\"index, follow, max-snippet:-1, max-image-preview:large, max-video-preview:-1\" \/>\n<link rel=\"canonical\" href=\"https:\/\/fondation-cnrs.org\/en\/consent-to-cookies\/\" \/>\n<meta property=\"og:locale\" content=\"en_US\" \/>\n<meta property=\"og:type\" content=\"article\" \/>\n<meta property=\"og:title\" content=\"Consent to Cookies\" \/>\n<meta property=\"og:description\" content=\"Consent to Cookies\" \/>\n<meta property=\"og:url\" content=\"https:\/\/fondation-cnrs.org\/en\/consent-to-cookies\/\" \/>\n<meta property=\"og:site_name\" content=\"CNRS Foundation\" \/>\n<meta property=\"article:modified_time\" content=\"2024-12-12T14:57:57+00:00\" \/>\n<meta name=\"twitter:card\" content=\"summary_large_image\" \/>\n<meta name=\"twitter:label1\" content=\"Est. reading time\" \/>\n\t<meta name=\"twitter:data1\" content=\"4 minutes\" \/>\n<script type=\"application\/ld+json\" class=\"yoast-schema-graph\">{\"@context\":\"https:\/\/schema.org\",\"@graph\":[{\"@type\":\"WebPage\",\"@id\":\"https:\/\/fondation-cnrs.org\/en\/consent-to-cookies\/\",\"url\":\"https:\/\/fondation-cnrs.org\/en\/consent-to-cookies\/\",\"name\":\"Consent to Cookies - CNRS Foundation\",\"isPartOf\":{\"@id\":\"https:\/\/fondation-cnrs.org\/en\/#website\"},\"datePublished\":\"2023-07-10T04:08:45+00:00\",\"dateModified\":\"2024-12-12T14:57:57+00:00\",\"description\":\"Consent to Cookies\",\"breadcrumb\":{\"@id\":\"https:\/\/fondation-cnrs.org\/en\/consent-to-cookies\/#breadcrumb\"},\"inLanguage\":\"en-US\",\"potentialAction\":[{\"@type\":\"ReadAction\",\"target\":[\"https:\/\/fondation-cnrs.org\/en\/consent-to-cookies\/\"]}]},{\"@type\":\"BreadcrumbList\",\"@id\":\"https:\/\/fondation-cnrs.org\/en\/consent-to-cookies\/#breadcrumb\",\"itemListElement\":[{\"@type\":\"ListItem\",\"position\":1,\"name\":\"Home\",\"item\":\"https:\/\/fondation-cnrs.org\/en\/\"},{\"@type\":\"ListItem\",\"position\":2,\"name\":\"Consent to Cookies\"}]},{\"@type\":\"WebSite\",\"@id\":\"https:\/\/fondation-cnrs.org\/en\/#website\",\"url\":\"https:\/\/fondation-cnrs.org\/en\/\",\"name\":\"CNRS Foundation\",\"description\":\"Soutenez la recherche scientifique \u00e0 son plus haut niveau gr\u00e2ce \u00e0 la Fondation CNRS, la fondation du premier centre de recherche scientifique en France et en Europe.Support scientific research at its highest level thanks to the CNRS Foundation, the foundation of the first scientific research center in France and Europe.\",\"publisher\":{\"@id\":\"https:\/\/fondation-cnrs.org\/en\/#organization\"},\"potentialAction\":[{\"@type\":\"SearchAction\",\"target\":{\"@type\":\"EntryPoint\",\"urlTemplate\":\"https:\/\/fondation-cnrs.org\/en\/?s={search_term_string}\"},\"query-input\":{\"@type\":\"PropertyValueSpecification\",\"valueRequired\":true,\"valueName\":\"search_term_string\"}}],\"inLanguage\":\"en-US\"},{\"@type\":\"Organization\",\"@id\":\"https:\/\/fondation-cnrs.org\/en\/#organization\",\"name\":\"CNRS Foundation\",\"url\":\"https:\/\/fondation-cnrs.org\/en\/\",\"logo\":{\"@type\":\"ImageObject\",\"inLanguage\":\"en-US\",\"@id\":\"https:\/\/fondation-cnrs.org\/en\/#\/schema\/logo\/image\/\",\"url\":\"https:\/\/fondation-cnrs.org\/wp-content\/uploads\/2023\/07\/logo-cnrs_fondation.png\",\"contentUrl\":\"https:\/\/fondation-cnrs.org\/wp-content\/uploads\/2023\/07\/logo-cnrs_fondation.png\",\"width\":1807,\"height\":400,\"caption\":\"CNRS Foundation\"},\"image\":{\"@id\":\"https:\/\/fondation-cnrs.org\/en\/#\/schema\/logo\/image\/\"},\"sameAs\":[\"https:\/\/fr.linkedin.com\/company\/fondation-cnrs\"]}]}<\/script>\n<!-- \/ Yoast SEO Premium plugin. -->","yoast_head_json":{"title":"Consent to Cookies - CNRS Foundation","description":"Consent to Cookies","robots":{"index":"index","follow":"follow","max-snippet":"max-snippet:-1","max-image-preview":"max-image-preview:large","max-video-preview":"max-video-preview:-1"},"canonical":"https:\/\/fondation-cnrs.org\/en\/consent-to-cookies\/","og_locale":"en_US","og_type":"article","og_title":"Consent to Cookies","og_description":"Consent to Cookies","og_url":"https:\/\/fondation-cnrs.org\/en\/consent-to-cookies\/","og_site_name":"CNRS Foundation","article_modified_time":"2024-12-12T14:57:57+00:00","twitter_card":"summary_large_image","twitter_misc":{"Est. reading time":"4 minutes"},"schema":{"@context":"https:\/\/schema.org","@graph":[{"@type":"WebPage","@id":"https:\/\/fondation-cnrs.org\/en\/consent-to-cookies\/","url":"https:\/\/fondation-cnrs.org\/en\/consent-to-cookies\/","name":"Consent to Cookies - CNRS Foundation","isPartOf":{"@id":"https:\/\/fondation-cnrs.org\/en\/#website"},"datePublished":"2023-07-10T04:08:45+00:00","dateModified":"2024-12-12T14:57:57+00:00","description":"Consent to Cookies","breadcrumb":{"@id":"https:\/\/fondation-cnrs.org\/en\/consent-to-cookies\/#breadcrumb"},"inLanguage":"en-US","potentialAction":[{"@type":"ReadAction","target":["https:\/\/fondation-cnrs.org\/en\/consent-to-cookies\/"]}]},{"@type":"BreadcrumbList","@id":"https:\/\/fondation-cnrs.org\/en\/consent-to-cookies\/#breadcrumb","itemListElement":[{"@type":"ListItem","position":1,"name":"Home","item":"https:\/\/fondation-cnrs.org\/en\/"},{"@type":"ListItem","position":2,"name":"Consent to Cookies"}]},{"@type":"WebSite","@id":"https:\/\/fondation-cnrs.org\/en\/#website","url":"https:\/\/fondation-cnrs.org\/en\/","name":"CNRS Foundation","description":"Soutenez la recherche scientifique \u00e0 son plus haut niveau gr\u00e2ce \u00e0 la Fondation CNRS, la fondation du premier centre de recherche scientifique en France et en Europe.Support scientific research at its highest level thanks to the CNRS Foundation, the foundation of the first scientific research center in France and Europe.","publisher":{"@id":"https:\/\/fondation-cnrs.org\/en\/#organization"},"potentialAction":[{"@type":"SearchAction","target":{"@type":"EntryPoint","urlTemplate":"https:\/\/fondation-cnrs.org\/en\/?s={search_term_string}"},"query-input":{"@type":"PropertyValueSpecification","valueRequired":true,"valueName":"search_term_string"}}],"inLanguage":"en-US"},{"@type":"Organization","@id":"https:\/\/fondation-cnrs.org\/en\/#organization","name":"CNRS Foundation","url":"https:\/\/fondation-cnrs.org\/en\/","logo":{"@type":"ImageObject","inLanguage":"en-US","@id":"https:\/\/fondation-cnrs.org\/en\/#\/schema\/logo\/image\/","url":"https:\/\/fondation-cnrs.org\/wp-content\/uploads\/2023\/07\/logo-cnrs_fondation.png","contentUrl":"https:\/\/fondation-cnrs.org\/wp-content\/uploads\/2023\/07\/logo-cnrs_fondation.png","width":1807,"height":400,"caption":"CNRS Foundation"},"image":{"@id":"https:\/\/fondation-cnrs.org\/en\/#\/schema\/logo\/image\/"},"sameAs":["https:\/\/fr.linkedin.com\/company\/fondation-cnrs"]}]}},"_links":{"self":[{"href":"https:\/\/fondation-cnrs.org\/en\/wp-json\/wp\/v2\/pages\/14235","targetHints":{"allow":["GET"]}}],"collection":[{"href":"https:\/\/fondation-cnrs.org\/en\/wp-json\/wp\/v2\/pages"}],"about":[{"href":"https:\/\/fondation-cnrs.org\/en\/wp-json\/wp\/v2\/types\/page"}],"author":[{"embeddable":true,"href":"https:\/\/fondation-cnrs.org\/en\/wp-json\/wp\/v2\/users\/1"}],"replies":[{"embeddable":true,"href":"https:\/\/fondation-cnrs.org\/en\/wp-json\/wp\/v2\/comments?post=14235"}],"version-history":[{"count":0,"href":"https:\/\/fondation-cnrs.org\/en\/wp-json\/wp\/v2\/pages\/14235\/revisions"}],"wp:attachment":[{"href":"https:\/\/fondation-cnrs.org\/en\/wp-json\/wp\/v2\/media?parent=14235"}],"curies":[{"name":"wp","href":"https:\/\/api.w.org\/{rel}","templated":true}]}}