{"id":14205,"date":"2023-09-14T14:15:45","date_gmt":"2023-09-14T12:15:45","guid":{"rendered":"https:\/\/fondation-cnrs.org\/terms-of-use\/"},"modified":"2024-12-12T16:57:45","modified_gmt":"2024-12-12T14:57:45","slug":"terms-of-use","status":"publish","type":"page","link":"https:\/\/fondation-cnrs.org\/en\/terms-of-use\/","title":{"rendered":"Terms of use"},"content":{"rendered":"\t\t<div data-elementor-type=\"wp-page\" data-elementor-id=\"14205\" class=\"elementor elementor-14205 elementor-3241\" data-elementor-settings=\"{&quot;ha_cmc_init_switcher&quot;:&quot;no&quot;}\" data-elementor-post-type=\"page\">\n\t\t\t\t\t\t<section class=\"elementor-section elementor-top-section elementor-element elementor-element-d404033 elementor-section-full_width elementor-section-height-min-height elementor-section-items-top elementor-section-content-top elementor-section-height-default\" data-id=\"d404033\" data-element_type=\"section\" data-settings=\"{&quot;background_background&quot;:&quot;classic&quot;,&quot;_ha_eqh_enable&quot;:false}\">\n\t\t\t\t\t\t<div class=\"elementor-container elementor-column-gap-default\">\n\t\t\t\t\t<div class=\"elementor-column elementor-col-100 elementor-top-column elementor-element elementor-element-e4f4bfc\" data-id=\"e4f4bfc\" data-element_type=\"column\">\n\t\t\t<div class=\"elementor-widget-wrap elementor-element-populated\">\n\t\t\t\t\t\t<div class=\"elementor-element elementor-element-7579db0 elementor-widget elementor-widget-heading\" data-id=\"7579db0\" data-element_type=\"widget\" data-settings=\"{&quot;_animation&quot;:&quot;none&quot;}\" data-widget_type=\"heading.default\">\n\t\t\t\t<div class=\"elementor-widget-container\">\n\t\t\t\t\t<h1 class=\"elementor-heading-title elementor-size-default\">Terms of use<\/h1>\t\t\t\t<\/div>\n\t\t\t\t<\/div>\n\t\t\t\t\t<\/div>\n\t\t<\/div>\n\t\t\t\t\t<\/div>\n\t\t<\/section>\n\t\t\t\t<section class=\"elementor-section elementor-top-section elementor-element elementor-element-fb2ff5d elementor-section-full_width elementor-section-height-default elementor-section-height-default\" data-id=\"fb2ff5d\" data-element_type=\"section\" data-settings=\"{&quot;_ha_eqh_enable&quot;:false}\">\n\t\t\t\t\t\t<div class=\"elementor-container elementor-column-gap-default\">\n\t\t\t\t\t<div class=\"elementor-column elementor-col-50 elementor-top-column elementor-element elementor-element-ce59ab5\" data-id=\"ce59ab5\" data-element_type=\"column\">\n\t\t\t<div class=\"elementor-widget-wrap elementor-element-populated\">\n\t\t\t\t\t\t<div class=\"elementor-element elementor-element-e0cb7f5 elementor-widget elementor-widget-text-editor\" data-id=\"e0cb7f5\" data-element_type=\"widget\" data-widget_type=\"text-editor.default\">\n\t\t\t\t<div class=\"elementor-widget-container\">\n\t\t\t\t\t\t\t\t\t<div class=\"wpb_text_column wpb_content_element \">\n<div class=\"wpb_wrapper\">\n<h2 class=\"vc_custom_heading titre_h2\">CNRS Foundation<\/h2>\n<div class=\"wpb_text_column wpb_content_element \">\n<div class=\"wpb_wrapper\">\n<p>3, rue Michel-Ange<br>75794 Paris cedex 16 &#8211; France<br>Telephone: +33 1 44 96 40 00<br><br><\/p>\n<\/div>\n<\/div>\n<h2 class=\"vc_custom_heading titre_h5\">Publishing Director<\/h2>\n<div class=\"wpb_text_column wpb_content_element \">\n<div class=\"wpb_wrapper\">\n<p>Antoine Petit (President of the CNRS Foundation)<\/p>\n<\/div>\n<\/div>\n<h2 class=\"vc_custom_heading titre_h5\">Managing editor<\/h2>\n<div class=\"wpb_text_column wpb_content_element \">\n<div class=\"wpb_wrapper\">\n<p>Michel Mortier (Managing Director, CNRS Foundation)<\/p>\n<\/div>\n<\/div>\n<h2 class=\"vc_custom_heading titre_h2\">Studio Web<\/h2>\n<div class=\"wpb_text_column wpb_content_element \">\n<div class=\"wpb_wrapper\">\n<p><span class=\"LrzXr\">Kubiweb<br>Innovalia, 48 chemin de la Bruy\u00e8re, b\u00e2timent E<br><\/span> 69570 <span class=\"LrzXr\">Dardilly<br>Telephone:<\/span>&nbsp;+33 9 63 25 11 39<\/p>\n<\/div>\n<\/div>\n<h2 class=\"vc_custom_heading titre_h2\">Site hosting<\/h2>\n<div class=\"wpb_text_column wpb_content_element \">\n<div class=\"wpb_wrapper\">\n<p><span class=\"LrzXr\">Cognix Systems<br>50 rue Paul Langevin<br>35200 Rennes<br>Telephone:<\/span>&nbsp;+33 2 30 96 48 66<\/p>\n<\/div>\n<\/div>\n<h2 class=\"vc_custom_heading titre_h2\">Terms of use<\/h2>\n<h2 class=\"vc_custom_heading titre_h5\">Disclaimer<\/h2>\n<div class=\"wpb_text_column wpb_content_element \">\n<div class=\"wpb_wrapper\">\n<p>Fondation CNRS cannot be held liable in any way for the content of the information on this site or for the consequences that may result from its use or interpretation.<\/p>\n<\/div>\n<\/div>\n<h2 class=\"vc_custom_heading titre_h5\">Intellectual property<\/h2>\n<div class=\"wpb_text_column wpb_content_element \">\n<div class=\"wpb_wrapper\">\n<p>The CNRS Foundation website is a creative work, the exclusive property of the CNRS Foundation, protected by French and international intellectual property law. No reproduction or representation may be made in contravention of the rights of the CNRS or its foundation under the aforementioned legislation. The CNRS word trademarks,&nbsp; Centre national de la recherche scientifique, Fondation CNRS, as well as the logos appearing on the site are trademarks (semi-figurative or not) and are registered. Any total or partial reproduction of these trademarks or logos from elements of the site without the express authorization of the CNRS is prohibited under Articles L.713-2 et seq. of the French Intellectual Property Code. Furthermore, unauthorized use of the CNRS corporate name or the name of its laboratories constitutes a fault within the meaning of articles 1240 and 1241 of the French Civil Code.    <\/p>\n<\/div>\n<\/div>\n<h2 class=\"vc_custom_heading titre_h5\">Hyperlinks<\/h2>\n<div class=\"wpb_text_column wpb_content_element \">\n<div class=\"wpb_wrapper\">\n<p>The creation of hypertext links by third parties to pages or documents published on the Fondation CNRS website is authorized provided that the links do not contravene the interests of the Fondation CNRS, and that they guarantee the possibility for the user to identify the origin and author of the document.<\/p>\n<\/div>\n<\/div>\n<\/div>\n<\/div>\n<h2 class=\"vc_custom_heading titre_h5\">Online donations<\/h2>\n<div class=\"wpb_text_column wpb_content_element \">\n<div class=\"wpb_wrapper\">\n<p>In accordance with the law, the Foundation may be financed by donations. It should be noted that the Foundation pursues a goal of general interest and that the donations it receives enable it to achieve its statutory purpose. <\/p>\n<p>The User can make an online donation to the Foundation via the &#8220;Make a donation&#8221; or &#8220;Access the donation form&#8221; tabs, or directly on the module accessible at https:\/\/fondation-cnrs.org\/faire-un-don\/.<\/p>\n<p>Online donations are one-off and made in euros. Donations can be made in amounts of 50, 100, 200, 500 euros or any other amount. <\/p>\n<p>Secure payment is made by credit card, and the service is provided by Mercanet, a service of the BNP bank, under contract with the CNRS Foundation. All banking information used to process payment is encrypted using SSL protocol. They are under no circumstances stored in the Foundation&#8217;s computer systems.  <\/p>\n<p>By validating the payment, the User acknowledges that he\/she has the capacity to dispose of his\/her money, that he\/she acts freely and manifests his\/her irrevocable liberal intention without seeking any consideration in return. The User is responsible for his\/her decision to make a donation. <\/p>\n<p>Once the payment has been validated online, the User will receive a payment confirmation e-mail at the e-mail address indicated at the time of payment. The details provided by the User are essential for the Foundation to be able to send the tax receipt. <\/p>\n<p>Within 30 days, the Foundation will send an e-mail to the User confirming that the donation has been paid, so that the User can benefit from tax deductions in accordance with current laws and regulations.<\/p>\n<p>The Privacy Policy also informs the User about the processing of his personal and banking data.<\/p>\n<p>To facilitate transmission of the tax receipt, the User undertakes to inform the Foundation of any change of contact details in writing to the following e-mail address [contact@fondation-cnrs .org]. Failure to do so releases the Foundation from any liability concerning the transmission of the tax receipt. <\/p>\n<p>This online donation differs from donations that can be made within the framework of corporate sponsorship, living donations or bequests, and for which the User can find information on the Site in the dedicated sections and from the Foundation.<\/p>\n<p>For any questions, the User may contact the Foundation at the address indicated at the beginning of the contact page: https:\/\/fondation-cnrs.org\/contact\/.<\/p>\n<\/div>\n<\/div>\t\t\t\t\t\t\t\t<\/div>\n\t\t\t\t<\/div>\n\t\t\t\t\t<\/div>\n\t\t<\/div>\n\t\t\t\t<div class=\"elementor-column elementor-col-50 elementor-top-column elementor-element elementor-element-e31c112 elementor-hidden-tablet elementor-hidden-mobile_extra elementor-hidden-mobile\" data-id=\"e31c112\" data-element_type=\"column\">\n\t\t\t<div class=\"elementor-widget-wrap\">\n\t\t\t\t\t\t\t<\/div>\n\t\t<\/div>\n\t\t\t\t\t<\/div>\n\t\t<\/section>\n\t\t\t\t<\/div>\n\t\t","protected":false},"excerpt":{"rendered":"<p>Terms of use CNRS Foundation 3, rue Michel-Ange75794 Paris cedex 16 &#8211; FranceTelephone: +33 1 44 96 40 00 Publishing Director Antoine Petit (President of the CNRS Foundation) Managing editor Michel Mortier (Managing Director, CNRS Foundation) Studio Web KubiwebInnovalia, 48 chemin de la Bruy\u00e8re, b\u00e2timent E 69570 DardillyTelephone:&nbsp;+33 9 63 25 11 39 Site hosting [&hellip;]<\/p>\n","protected":false},"author":1,"featured_media":0,"parent":0,"menu_order":0,"comment_status":"closed","ping_status":"closed","template":"elementor_header_footer","meta":{"_acf_changed":false,"inline_featured_image":false,"footnotes":""},"class_list":["post-14205","page","type-page","status-publish","hentry"],"acf":[],"yoast_head":"<!-- This site is optimized with the Yoast SEO Premium plugin v25.9 (Yoast SEO v25.9) - https:\/\/yoast.com\/wordpress\/plugins\/seo\/ -->\n<title>Terms of use - CNRS Foundation<\/title>\n<meta name=\"description\" content=\"Terms of use\" \/>\n<meta name=\"robots\" content=\"index, follow, max-snippet:-1, max-image-preview:large, max-video-preview:-1\" \/>\n<link rel=\"canonical\" href=\"https:\/\/fondation-cnrs.org\/en\/terms-of-use\/\" \/>\n<meta property=\"og:locale\" content=\"en_US\" \/>\n<meta property=\"og:type\" content=\"article\" \/>\n<meta property=\"og:title\" content=\"Terms of use\" \/>\n<meta property=\"og:description\" content=\"Terms of use\" \/>\n<meta property=\"og:url\" content=\"https:\/\/fondation-cnrs.org\/en\/terms-of-use\/\" \/>\n<meta property=\"og:site_name\" content=\"CNRS Foundation\" \/>\n<meta property=\"article:modified_time\" content=\"2024-12-12T14:57:45+00:00\" \/>\n<meta name=\"twitter:card\" content=\"summary_large_image\" \/>\n<meta name=\"twitter:label1\" content=\"Est. reading time\" \/>\n\t<meta name=\"twitter:data1\" content=\"3 minutes\" \/>\n<script type=\"application\/ld+json\" class=\"yoast-schema-graph\">{\"@context\":\"https:\/\/schema.org\",\"@graph\":[{\"@type\":\"WebPage\",\"@id\":\"https:\/\/fondation-cnrs.org\/en\/terms-of-use\/\",\"url\":\"https:\/\/fondation-cnrs.org\/en\/terms-of-use\/\",\"name\":\"Terms of use - CNRS Foundation\",\"isPartOf\":{\"@id\":\"https:\/\/fondation-cnrs.org\/en\/#website\"},\"datePublished\":\"2023-09-14T12:15:45+00:00\",\"dateModified\":\"2024-12-12T14:57:45+00:00\",\"description\":\"Terms of use\",\"breadcrumb\":{\"@id\":\"https:\/\/fondation-cnrs.org\/en\/terms-of-use\/#breadcrumb\"},\"inLanguage\":\"en-US\",\"potentialAction\":[{\"@type\":\"ReadAction\",\"target\":[\"https:\/\/fondation-cnrs.org\/en\/terms-of-use\/\"]}]},{\"@type\":\"BreadcrumbList\",\"@id\":\"https:\/\/fondation-cnrs.org\/en\/terms-of-use\/#breadcrumb\",\"itemListElement\":[{\"@type\":\"ListItem\",\"position\":1,\"name\":\"Home\",\"item\":\"https:\/\/fondation-cnrs.org\/en\/\"},{\"@type\":\"ListItem\",\"position\":2,\"name\":\"Terms of use\"}]},{\"@type\":\"WebSite\",\"@id\":\"https:\/\/fondation-cnrs.org\/en\/#website\",\"url\":\"https:\/\/fondation-cnrs.org\/en\/\",\"name\":\"CNRS Foundation\",\"description\":\"Soutenez la recherche scientifique \u00e0 son plus haut niveau gr\u00e2ce \u00e0 la Fondation CNRS, la fondation du premier centre de recherche scientifique en France et en Europe.Support scientific research at its highest level thanks to the CNRS Foundation, the foundation of the first scientific research center in France and Europe.\",\"publisher\":{\"@id\":\"https:\/\/fondation-cnrs.org\/en\/#organization\"},\"potentialAction\":[{\"@type\":\"SearchAction\",\"target\":{\"@type\":\"EntryPoint\",\"urlTemplate\":\"https:\/\/fondation-cnrs.org\/en\/?s={search_term_string}\"},\"query-input\":{\"@type\":\"PropertyValueSpecification\",\"valueRequired\":true,\"valueName\":\"search_term_string\"}}],\"inLanguage\":\"en-US\"},{\"@type\":\"Organization\",\"@id\":\"https:\/\/fondation-cnrs.org\/en\/#organization\",\"name\":\"CNRS Foundation\",\"url\":\"https:\/\/fondation-cnrs.org\/en\/\",\"logo\":{\"@type\":\"ImageObject\",\"inLanguage\":\"en-US\",\"@id\":\"https:\/\/fondation-cnrs.org\/en\/#\/schema\/logo\/image\/\",\"url\":\"https:\/\/fondation-cnrs.org\/wp-content\/uploads\/2023\/07\/logo-cnrs_fondation.png\",\"contentUrl\":\"https:\/\/fondation-cnrs.org\/wp-content\/uploads\/2023\/07\/logo-cnrs_fondation.png\",\"width\":1807,\"height\":400,\"caption\":\"CNRS Foundation\"},\"image\":{\"@id\":\"https:\/\/fondation-cnrs.org\/en\/#\/schema\/logo\/image\/\"},\"sameAs\":[\"https:\/\/fr.linkedin.com\/company\/fondation-cnrs\"]}]}<\/script>\n<!-- \/ Yoast SEO Premium plugin. -->","yoast_head_json":{"title":"Terms of use - CNRS Foundation","description":"Terms of use","robots":{"index":"index","follow":"follow","max-snippet":"max-snippet:-1","max-image-preview":"max-image-preview:large","max-video-preview":"max-video-preview:-1"},"canonical":"https:\/\/fondation-cnrs.org\/en\/terms-of-use\/","og_locale":"en_US","og_type":"article","og_title":"Terms of use","og_description":"Terms of use","og_url":"https:\/\/fondation-cnrs.org\/en\/terms-of-use\/","og_site_name":"CNRS Foundation","article_modified_time":"2024-12-12T14:57:45+00:00","twitter_card":"summary_large_image","twitter_misc":{"Est. reading time":"3 minutes"},"schema":{"@context":"https:\/\/schema.org","@graph":[{"@type":"WebPage","@id":"https:\/\/fondation-cnrs.org\/en\/terms-of-use\/","url":"https:\/\/fondation-cnrs.org\/en\/terms-of-use\/","name":"Terms of use - CNRS Foundation","isPartOf":{"@id":"https:\/\/fondation-cnrs.org\/en\/#website"},"datePublished":"2023-09-14T12:15:45+00:00","dateModified":"2024-12-12T14:57:45+00:00","description":"Terms of use","breadcrumb":{"@id":"https:\/\/fondation-cnrs.org\/en\/terms-of-use\/#breadcrumb"},"inLanguage":"en-US","potentialAction":[{"@type":"ReadAction","target":["https:\/\/fondation-cnrs.org\/en\/terms-of-use\/"]}]},{"@type":"BreadcrumbList","@id":"https:\/\/fondation-cnrs.org\/en\/terms-of-use\/#breadcrumb","itemListElement":[{"@type":"ListItem","position":1,"name":"Home","item":"https:\/\/fondation-cnrs.org\/en\/"},{"@type":"ListItem","position":2,"name":"Terms of use"}]},{"@type":"WebSite","@id":"https:\/\/fondation-cnrs.org\/en\/#website","url":"https:\/\/fondation-cnrs.org\/en\/","name":"CNRS Foundation","description":"Soutenez la recherche scientifique \u00e0 son plus haut niveau gr\u00e2ce \u00e0 la Fondation CNRS, la fondation du premier centre de recherche scientifique en France et en Europe.Support scientific research at its highest level thanks to the CNRS Foundation, the foundation of the first scientific research center in France and Europe.","publisher":{"@id":"https:\/\/fondation-cnrs.org\/en\/#organization"},"potentialAction":[{"@type":"SearchAction","target":{"@type":"EntryPoint","urlTemplate":"https:\/\/fondation-cnrs.org\/en\/?s={search_term_string}"},"query-input":{"@type":"PropertyValueSpecification","valueRequired":true,"valueName":"search_term_string"}}],"inLanguage":"en-US"},{"@type":"Organization","@id":"https:\/\/fondation-cnrs.org\/en\/#organization","name":"CNRS Foundation","url":"https:\/\/fondation-cnrs.org\/en\/","logo":{"@type":"ImageObject","inLanguage":"en-US","@id":"https:\/\/fondation-cnrs.org\/en\/#\/schema\/logo\/image\/","url":"https:\/\/fondation-cnrs.org\/wp-content\/uploads\/2023\/07\/logo-cnrs_fondation.png","contentUrl":"https:\/\/fondation-cnrs.org\/wp-content\/uploads\/2023\/07\/logo-cnrs_fondation.png","width":1807,"height":400,"caption":"CNRS Foundation"},"image":{"@id":"https:\/\/fondation-cnrs.org\/en\/#\/schema\/logo\/image\/"},"sameAs":["https:\/\/fr.linkedin.com\/company\/fondation-cnrs"]}]}},"_links":{"self":[{"href":"https:\/\/fondation-cnrs.org\/en\/wp-json\/wp\/v2\/pages\/14205","targetHints":{"allow":["GET"]}}],"collection":[{"href":"https:\/\/fondation-cnrs.org\/en\/wp-json\/wp\/v2\/pages"}],"about":[{"href":"https:\/\/fondation-cnrs.org\/en\/wp-json\/wp\/v2\/types\/page"}],"author":[{"embeddable":true,"href":"https:\/\/fondation-cnrs.org\/en\/wp-json\/wp\/v2\/users\/1"}],"replies":[{"embeddable":true,"href":"https:\/\/fondation-cnrs.org\/en\/wp-json\/wp\/v2\/comments?post=14205"}],"version-history":[{"count":0,"href":"https:\/\/fondation-cnrs.org\/en\/wp-json\/wp\/v2\/pages\/14205\/revisions"}],"wp:attachment":[{"href":"https:\/\/fondation-cnrs.org\/en\/wp-json\/wp\/v2\/media?parent=14205"}],"curies":[{"name":"wp","href":"https:\/\/api.w.org\/{rel}","templated":true}]}}