{"id":14202,"date":"2023-09-14T14:19:07","date_gmt":"2023-09-14T12:19:07","guid":{"rendered":"https:\/\/fondation-cnrs.org\/privacy-policy\/"},"modified":"2024-12-12T16:57:45","modified_gmt":"2024-12-12T14:57:45","slug":"privacy-policy","status":"publish","type":"page","link":"https:\/\/fondation-cnrs.org\/en\/privacy-policy\/","title":{"rendered":"Privacy policy"},"content":{"rendered":"\t\t<div data-elementor-type=\"wp-page\" data-elementor-id=\"14202\" class=\"elementor elementor-14202 elementor-3253\" data-elementor-settings=\"{&quot;ha_cmc_init_switcher&quot;:&quot;no&quot;}\" data-elementor-post-type=\"page\">\n\t\t\t\t\t\t<section class=\"elementor-section elementor-top-section elementor-element elementor-element-d404033 elementor-section-full_width elementor-section-height-min-height elementor-section-items-top elementor-section-content-top elementor-section-height-default\" data-id=\"d404033\" data-element_type=\"section\" data-settings=\"{&quot;background_background&quot;:&quot;classic&quot;,&quot;_ha_eqh_enable&quot;:false}\">\n\t\t\t\t\t\t<div class=\"elementor-container elementor-column-gap-default\">\n\t\t\t\t\t<div class=\"elementor-column elementor-col-100 elementor-top-column elementor-element elementor-element-e4f4bfc\" data-id=\"e4f4bfc\" data-element_type=\"column\">\n\t\t\t<div class=\"elementor-widget-wrap elementor-element-populated\">\n\t\t\t\t\t\t<div class=\"elementor-element elementor-element-7579db0 elementor-widget elementor-widget-heading\" data-id=\"7579db0\" data-element_type=\"widget\" data-settings=\"{&quot;_animation&quot;:&quot;none&quot;}\" data-widget_type=\"heading.default\">\n\t\t\t\t<div class=\"elementor-widget-container\">\n\t\t\t\t\t<h1 class=\"elementor-heading-title elementor-size-default\">Privacy policy<\/h1>\t\t\t\t<\/div>\n\t\t\t\t<\/div>\n\t\t\t\t\t<\/div>\n\t\t<\/div>\n\t\t\t\t\t<\/div>\n\t\t<\/section>\n\t\t\t\t<section class=\"elementor-section elementor-top-section elementor-element elementor-element-fb2ff5d elementor-section-full_width elementor-section-height-default elementor-section-height-default\" data-id=\"fb2ff5d\" data-element_type=\"section\" data-settings=\"{&quot;_ha_eqh_enable&quot;:false}\">\n\t\t\t\t\t\t<div class=\"elementor-container elementor-column-gap-default\">\n\t\t\t\t\t<div class=\"elementor-column elementor-col-50 elementor-top-column elementor-element elementor-element-ce59ab5\" data-id=\"ce59ab5\" data-element_type=\"column\">\n\t\t\t<div class=\"elementor-widget-wrap elementor-element-populated\">\n\t\t\t\t\t\t<div class=\"elementor-element elementor-element-e0cb7f5 elementor-widget-tablet_extra__width-initial elementor-widget elementor-widget-text-editor\" data-id=\"e0cb7f5\" data-element_type=\"widget\" data-widget_type=\"text-editor.default\">\n\t\t\t\t<div class=\"elementor-widget-container\">\n\t\t\t\t\t\t\t\t\t<p style=\"font-weight: 400;\">The purpose of the privacy policy is to present to you the way in which the CNRS Foundation uses, manages and protects the personal information that you may have transmitted to the company in the course of using its website: https:\/\/fondation-cnrs.org. This privacy policy is based on the obligations of the website publisher, as defined by the General Data Protection Regulation (GDPR), for everything concerning consent to the collection of personal data, the protection and security of personal data, respect for your rights to access, rectify, process, port and delete your data.<\/p>\n<p style=\"font-weight: 400;\">The privacy policy of the CNRS Foundation&nbsp;may be modified according to possible changes in the legislative (RGPD), regulatory and jurisprudential frameworks that determine its evolution and application.<\/p>\n<h2 style=\"font-weight: 500;\">1\u00b0 Collection of personal data<\/h2>\n<p style=\"font-weight: 400;\">It is entirely possible to browse the https:\/\/fondation-cnrs.org&nbsp;website without disclosing your personal information to the website publisher, with the limits that this imposes in terms of access to some of the information and services on offer.<\/p>\n<p style=\"font-weight: 400;\">The provision of personal information (first and last name, home address, telephone number, e-mail address, etc.) to the CNRS Foundation is mandatory if you wish to make a donation, receive a tax receipt, contact us or request information.<\/p>\n<p style=\"font-weight: 400;\">You therefore accept the principle of their collection for the purposes described in the forms and in the paragraph entitled &#8220;Purposes of data processing&#8221;. The publisher also collects personal data via the deployment of connection files, in compliance with current legislation concerning the<b><a href=\"https:\/\/fondation-cnrs.org\/gestion-des-cookies\/\">use of cookies<\/a><\/b>. <\/p>\n<h2 style=\"font-weight: 500;\">2\u00b0 Securing personal data<\/h2>\n<p style=\"font-weight: 400;\">The CNRS Foundation implements a variety of security measures to preserve the safety of your personal information:<\/p>\n<ul style=\"font-weight: 400;\">\n<li>use of state-of-the-art encryption to protect your personal data transmitted online,<\/li>\n<li>Analytical cookies are used to count Internet users and analyze their behavior while visiting the website, in order to generate visitor statistics,<\/li>\n<li>use of computers and servers in a secure environment to store and process your data,<\/li>\n<li>restricted access to personal information for employees who need to perform specific tasks (managing donations, issuing tax receipts, etc.).<\/li>\n<\/ul>\n<h2 style=\"font-weight: 500;\">3\u00b0 Processing of personal data<\/h2>\n<p style=\"font-weight: 400;\">The CNRS Foundation has a very strict policy on the treatment of personal data, which consists of never transferring, lending, renting or reselling it to third-party organizations.<\/p>\n<p style=\"font-weight: 400;\">All processing of your personal data collected on the https:\/\/fondation-cnrs.org website is carried out directly by members of the Fondation CNRS&nbsp;team authorized for this purpose.<\/p>\n<p style=\"font-weight: 400;\">You therefore accept the principle of processing your personal information for the purposes described in the contact and account creation\/management forms, as well as in the paragraph below, so that we can better understand your needs in terms of products and services.<\/p>\n<h2 style=\"font-weight: 500;\">4\u00b0 The purposes of data processing<\/h2>\n<p style=\"font-weight: 400;\">The CNRS Foundation carries out manual or automated processing of your personal data for specific purposes:<\/p>\n<ul style=\"font-weight: 400;\">\n<li>Data collected via forms used to enter information on the website (contact, quote request, recruitment) is used to send quotes, create or develop a commercial relationship, and recruit trainees and\/or employees.<\/li>\n<li>The data collected when playing videos posted on specialized platforms is required to access these third-party sites and execute requests.<\/li>\n<li>The data collected when using the social network access buttons is necessary to be able to execute the requests of these third-party sites.<\/li>\n<\/ul>\n<h2 style=\"font-weight: 500;\">5\u00b0 Obtaining consent for data collection<\/h2>\n<p style=\"font-weight: 400;\">For all types of personal data collection via its website, the CNRS Foundation&nbsp;uses mechanisms to obtain your explicit consent:<\/p>\n<ul style=\"font-weight: 400;\">\n<li>for acceptance of data collection when filling in contact forms,<\/li>\n<li>to accept cookies when the warning banner is displayed<\/li>\n<\/ul>\n<p style=\"font-weight: 400;\">The CNRS Foundation saves the consent forms for the collection of personal data so that they can be made available to the CNIL and any other supervisory body on request.<\/p>\n<h2 style=\"font-weight: 500;\">6\u00b0 Data retention period<\/h2>\n<p style=\"font-weight: 400;\">The length of time your personal data is kept varies according to its nature and the technology used to collect it:<\/p>\n<ul style=\"font-weight: 400;\">\n<li>for all personal data collected by cookies, the maximum retention period is 13 months,<\/li>\n<li>for all data collected via a form, the retention period will not exceed 36 months.<\/li>\n<\/ul>\n<h2 style=\"font-weight: 500;\">7\u00b0 Transfer of personal data<\/h2>\n<p style=\"font-weight: 400;\">Fondation CNRS does not transfer your personal data to third countries, whether inside or outside the European Union.<\/p>\n<h2 style=\"font-weight: 500;\">8\u00b0 Authorized service providers<\/h2>\n<p style=\"font-weight: 400;\">The CNRS Foundation uses the services of authorized service providers to facilitate the processing of the personal data you use on the website.<\/p>\n<h2 style=\"font-weight: 500;\">9\u00b0 Exercising the rights of Internet users<\/h2>\n<p style=\"font-weight: 400;\">In accordance with the General Data Protection Regulation adopted by the European Parliament on April 14, 2016, and the French Data Protection Act (Loi Informatique et Libert\u00e9s) of January 6, 1978, as amended, you benefit from a set of rights relating to your personal data.<\/p>\n<ul style=\"font-weight: 400;\">\n<li>by post: Fondation CNRS &#8211; 3 Rue Michel-Ange &#8211; 75016 PARIS<\/li>\n<li>by telephone: 01 44 96 44 49<\/li>\n<li>by e-mail: <a href=\"mailto:contact@fondation-cnrs.org\">contact@fondation-cnrs.org<\/a><\/li>\n<\/ul>\n<h2 style=\"font-weight: 500;\">9.1\u00b0 The right to information<\/h2>\n<p style=\"font-weight: 400;\">Within the legal framework defined by the RGPD, you can ask at any time whether you have personal information that has been collected and what processing it is subject to.<\/p>\n<p style=\"font-weight: 400;\">To do this, you can use the letter template created by the Commission Nationale de l&#8217;Informatique et des Libert\u00e9s: https:\/\/www.cnil.fr\/fr\/modele\/courrier\/exercer-son-droit-dacces.<\/p>\n<h2 style=\"font-weight: 500;\">9.2\u00b0 Right of access to data<\/h2>\n<p style=\"font-weight: 400;\">Within the legal framework defined by the RGPD, you may at any time make a written request for disclosure of your personal data.<\/p>\n<p style=\"font-weight: 400;\">To do this, you can use the letter template created by the Commission Nationale de l&#8217;Informatique et des Libert\u00e9s: https:\/\/www.cnil.fr\/fr\/modele\/courrier\/exercer-son-droit-dacces.<\/p>\n<h2 style=\"font-weight: 500;\">9.3\u00b0 The right to rectify data<\/h2>\n<p style=\"font-weight: 400;\">Personal data legislation allows you to request the modification or rectification of incomplete, inaccurate or out-of-date information about yourself or a deceased relative.<\/p>\n<p style=\"font-weight: 400;\">To do this, you can use the model letter produced by the Commission Nationale de l&#8217;Informatique et des Libert\u00e9s: https:\/\/www.cnil.fr\/fr\/modele\/courrier\/rectifier-des-donnees-inexactes-obsoletes-ou-perimees.<\/p>\n<h2 style=\"font-weight: 500;\">9.4\u00b0 The right to object on legitimate grounds<\/h2>\n<p style=\"font-weight: 400;\">Within the legislative framework defined by the RGPD you may at any time object to the processing of your personal data on the following grounds:<\/p>\n<ul style=\"font-weight: 400;\">\n<li>oppose the use of data collected for commercial prospecting,<\/li>\n<li>opposition on legitimate grounds.<\/li>\n<\/ul>\n<p style=\"font-weight: 400;\">To do this, you can use the model letter drawn up by the Commission Nationale de l&#8217;Informatique et des Libert\u00e9s: https:\/\/www.cnil.fr\/fr\/modele\/courrier\/sopposer-lutilisation-commerciale-de-ses-coordonnees.<\/p>\n<h2 style=\"font-weight: 500;\">9.5\u00b0 The right to data portability<\/h2>\n<p style=\"font-weight: 400;\">Within the legislative framework defined by the RGPD you may at any time request to retrieve your personal data in an open, machine-readable format, in order to store it on another medium or transmit it to another information system for reuse.<\/p>\n<p style=\"font-weight: 400;\">To do this, you can use the letter template provided by the Commission Nationale de l&#8217;Informatique et des Libert\u00e9s: https:\/\/www.cnil.fr\/fr\/modele\/courrier\/exercer-son-droit-dacces.<\/p>\n<h2 style=\"font-weight: 500;\">9.6\u00b0 The right to limit processing<\/h2>\n<p style=\"font-weight: 400;\">Personal data protection legislation allows you to request the restriction of the processing of your data. Your data may only be processed with your consent or in the context of legal proceedings. <\/p>\n<p style=\"font-weight: 400;\">To do this, you can use the letter template provided by the Commission Nationale de l&#8217;Informatique et des Libert\u00e9s: https:\/\/www.cnil.fr\/fr\/modele\/courrier\/sopposer-au-traitement-de-donnees.<\/p>\n<h2 style=\"font-weight: 500;\">9.7\u00b0 The right to data deletion<\/h2>\n<p style=\"font-weight: 400;\">Personal data legislation allows you to request the deletion of all your data that has been stored on the Fondation CNRS website.<\/p>\n<p style=\"font-weight: 400;\">To do this, you can use the letter template provided by the Commission Nationale de l&#8217;Informatique et des Libert\u00e9s: https:\/\/www.cnil.fr\/fr\/modele\/courrier\/supprimer-des-informations-vous-concernant-dun-site-internet.<\/p>\n<h2 style=\"font-weight: 500;\">9.8\u00b0 Processing your personal requests<\/h2>\n<p style=\"font-weight: 400;\">The CNRS Foundation&nbsp;undertakes to reply to your requests concerning personal data within a reasonable period of time, which may not exceed 1 month from receipt of the request.<\/p>\n<p style=\"font-weight: 400;\">The CNRS Foundation&nbsp;reserves the right to refuse requests for data characterized either by a manifestly malicious intent, or by a repetitive and abusive character.<\/p>\n<p style=\"font-weight: 400;\">If you feel that your rights have not been respected, you can also lodge a complaint with the competent supervisory authority at https:\/\/www.cnil.fr\/plaintes.<\/p>\n<h2 style=\"color: #000000;\">10\u00b0 The person responsible for personal data<\/h2>\n<p style=\"font-weight: 400;\">Mr Michel Mortier<br>Email&nbsp;:&nbsp;michel.mortier@cnrs.fr<br>Telephone : 01 44 96 44 45<\/p>\t\t\t\t\t\t\t\t<\/div>\n\t\t\t\t<\/div>\n\t\t\t\t\t<\/div>\n\t\t<\/div>\n\t\t\t\t<div class=\"elementor-column elementor-col-50 elementor-top-column elementor-element elementor-element-e31c112 elementor-hidden-tablet elementor-hidden-mobile_extra elementor-hidden-mobile\" data-id=\"e31c112\" data-element_type=\"column\">\n\t\t\t<div class=\"elementor-widget-wrap\">\n\t\t\t\t\t\t\t<\/div>\n\t\t<\/div>\n\t\t\t\t\t<\/div>\n\t\t<\/section>\n\t\t\t\t<\/div>\n\t\t","protected":false},"excerpt":{"rendered":"<p>Privacy policy The purpose of the privacy policy is to present to you the way in which the CNRS Foundation uses, manages and protects the personal information that you may have transmitted to the company in the course of using its website: https:\/\/fondation-cnrs.org. This privacy policy is based on the obligations of the website publisher, [&hellip;]<\/p>\n","protected":false},"author":1,"featured_media":0,"parent":0,"menu_order":0,"comment_status":"closed","ping_status":"closed","template":"elementor_header_footer","meta":{"_acf_changed":false,"inline_featured_image":false,"footnotes":""},"class_list":["post-14202","page","type-page","status-publish","hentry"],"acf":[],"yoast_head":"<!-- This site is optimized with the Yoast SEO Premium plugin v25.9 (Yoast SEO v25.9) - https:\/\/yoast.com\/wordpress\/plugins\/seo\/ -->\n<title>Privacy policy - CNRS Foundation<\/title>\n<meta name=\"robots\" content=\"index, follow, max-snippet:-1, max-image-preview:large, max-video-preview:-1\" \/>\n<link rel=\"canonical\" href=\"https:\/\/fondation-cnrs.org\/en\/privacy-policy\/\" \/>\n<meta property=\"og:locale\" content=\"en_US\" \/>\n<meta property=\"og:type\" content=\"article\" \/>\n<meta property=\"og:title\" content=\"Privacy policy\" \/>\n<meta property=\"og:description\" content=\"Privacy policy The purpose of the privacy policy is to present to you the way in which the CNRS Foundation uses, manages and protects the personal information that you may have transmitted to the company in the course of using its website: https:\/\/fondation-cnrs.org. This privacy policy is based on the obligations of the website publisher, [&hellip;]\" \/>\n<meta property=\"og:url\" content=\"https:\/\/fondation-cnrs.org\/en\/privacy-policy\/\" \/>\n<meta property=\"og:site_name\" content=\"CNRS Foundation\" \/>\n<meta property=\"article:modified_time\" content=\"2024-12-12T14:57:45+00:00\" \/>\n<meta name=\"twitter:card\" content=\"summary_large_image\" \/>\n<meta name=\"twitter:label1\" content=\"Est. reading time\" \/>\n\t<meta name=\"twitter:data1\" content=\"7 minutes\" \/>\n<script type=\"application\/ld+json\" class=\"yoast-schema-graph\">{\"@context\":\"https:\/\/schema.org\",\"@graph\":[{\"@type\":\"WebPage\",\"@id\":\"https:\/\/fondation-cnrs.org\/en\/privacy-policy\/\",\"url\":\"https:\/\/fondation-cnrs.org\/en\/privacy-policy\/\",\"name\":\"Privacy policy - CNRS Foundation\",\"isPartOf\":{\"@id\":\"https:\/\/fondation-cnrs.org\/en\/#website\"},\"datePublished\":\"2023-09-14T12:19:07+00:00\",\"dateModified\":\"2024-12-12T14:57:45+00:00\",\"breadcrumb\":{\"@id\":\"https:\/\/fondation-cnrs.org\/en\/privacy-policy\/#breadcrumb\"},\"inLanguage\":\"en-US\",\"potentialAction\":[{\"@type\":\"ReadAction\",\"target\":[\"https:\/\/fondation-cnrs.org\/en\/privacy-policy\/\"]}]},{\"@type\":\"BreadcrumbList\",\"@id\":\"https:\/\/fondation-cnrs.org\/en\/privacy-policy\/#breadcrumb\",\"itemListElement\":[{\"@type\":\"ListItem\",\"position\":1,\"name\":\"Home\",\"item\":\"https:\/\/fondation-cnrs.org\/en\/\"},{\"@type\":\"ListItem\",\"position\":2,\"name\":\"Privacy policy\"}]},{\"@type\":\"WebSite\",\"@id\":\"https:\/\/fondation-cnrs.org\/en\/#website\",\"url\":\"https:\/\/fondation-cnrs.org\/en\/\",\"name\":\"CNRS Foundation\",\"description\":\"Soutenez la recherche scientifique \u00e0 son plus haut niveau gr\u00e2ce \u00e0 la Fondation CNRS, la fondation du premier centre de recherche scientifique en France et en Europe.Support scientific research at its highest level thanks to the CNRS Foundation, the foundation of the first scientific research center in France and Europe.\",\"publisher\":{\"@id\":\"https:\/\/fondation-cnrs.org\/en\/#organization\"},\"potentialAction\":[{\"@type\":\"SearchAction\",\"target\":{\"@type\":\"EntryPoint\",\"urlTemplate\":\"https:\/\/fondation-cnrs.org\/en\/?s={search_term_string}\"},\"query-input\":{\"@type\":\"PropertyValueSpecification\",\"valueRequired\":true,\"valueName\":\"search_term_string\"}}],\"inLanguage\":\"en-US\"},{\"@type\":\"Organization\",\"@id\":\"https:\/\/fondation-cnrs.org\/en\/#organization\",\"name\":\"CNRS Foundation\",\"url\":\"https:\/\/fondation-cnrs.org\/en\/\",\"logo\":{\"@type\":\"ImageObject\",\"inLanguage\":\"en-US\",\"@id\":\"https:\/\/fondation-cnrs.org\/en\/#\/schema\/logo\/image\/\",\"url\":\"https:\/\/fondation-cnrs.org\/wp-content\/uploads\/2023\/07\/logo-cnrs_fondation.png\",\"contentUrl\":\"https:\/\/fondation-cnrs.org\/wp-content\/uploads\/2023\/07\/logo-cnrs_fondation.png\",\"width\":1807,\"height\":400,\"caption\":\"CNRS Foundation\"},\"image\":{\"@id\":\"https:\/\/fondation-cnrs.org\/en\/#\/schema\/logo\/image\/\"},\"sameAs\":[\"https:\/\/fr.linkedin.com\/company\/fondation-cnrs\"]}]}<\/script>\n<!-- \/ Yoast SEO Premium plugin. -->","yoast_head_json":{"title":"Privacy policy - CNRS Foundation","robots":{"index":"index","follow":"follow","max-snippet":"max-snippet:-1","max-image-preview":"max-image-preview:large","max-video-preview":"max-video-preview:-1"},"canonical":"https:\/\/fondation-cnrs.org\/en\/privacy-policy\/","og_locale":"en_US","og_type":"article","og_title":"Privacy policy","og_description":"Privacy policy The purpose of the privacy policy is to present to you the way in which the CNRS Foundation uses, manages and protects the personal information that you may have transmitted to the company in the course of using its website: https:\/\/fondation-cnrs.org. This privacy policy is based on the obligations of the website publisher, [&hellip;]","og_url":"https:\/\/fondation-cnrs.org\/en\/privacy-policy\/","og_site_name":"CNRS Foundation","article_modified_time":"2024-12-12T14:57:45+00:00","twitter_card":"summary_large_image","twitter_misc":{"Est. reading time":"7 minutes"},"schema":{"@context":"https:\/\/schema.org","@graph":[{"@type":"WebPage","@id":"https:\/\/fondation-cnrs.org\/en\/privacy-policy\/","url":"https:\/\/fondation-cnrs.org\/en\/privacy-policy\/","name":"Privacy policy - CNRS Foundation","isPartOf":{"@id":"https:\/\/fondation-cnrs.org\/en\/#website"},"datePublished":"2023-09-14T12:19:07+00:00","dateModified":"2024-12-12T14:57:45+00:00","breadcrumb":{"@id":"https:\/\/fondation-cnrs.org\/en\/privacy-policy\/#breadcrumb"},"inLanguage":"en-US","potentialAction":[{"@type":"ReadAction","target":["https:\/\/fondation-cnrs.org\/en\/privacy-policy\/"]}]},{"@type":"BreadcrumbList","@id":"https:\/\/fondation-cnrs.org\/en\/privacy-policy\/#breadcrumb","itemListElement":[{"@type":"ListItem","position":1,"name":"Home","item":"https:\/\/fondation-cnrs.org\/en\/"},{"@type":"ListItem","position":2,"name":"Privacy policy"}]},{"@type":"WebSite","@id":"https:\/\/fondation-cnrs.org\/en\/#website","url":"https:\/\/fondation-cnrs.org\/en\/","name":"CNRS Foundation","description":"Soutenez la recherche scientifique \u00e0 son plus haut niveau gr\u00e2ce \u00e0 la Fondation CNRS, la fondation du premier centre de recherche scientifique en France et en Europe.Support scientific research at its highest level thanks to the CNRS Foundation, the foundation of the first scientific research center in France and Europe.","publisher":{"@id":"https:\/\/fondation-cnrs.org\/en\/#organization"},"potentialAction":[{"@type":"SearchAction","target":{"@type":"EntryPoint","urlTemplate":"https:\/\/fondation-cnrs.org\/en\/?s={search_term_string}"},"query-input":{"@type":"PropertyValueSpecification","valueRequired":true,"valueName":"search_term_string"}}],"inLanguage":"en-US"},{"@type":"Organization","@id":"https:\/\/fondation-cnrs.org\/en\/#organization","name":"CNRS Foundation","url":"https:\/\/fondation-cnrs.org\/en\/","logo":{"@type":"ImageObject","inLanguage":"en-US","@id":"https:\/\/fondation-cnrs.org\/en\/#\/schema\/logo\/image\/","url":"https:\/\/fondation-cnrs.org\/wp-content\/uploads\/2023\/07\/logo-cnrs_fondation.png","contentUrl":"https:\/\/fondation-cnrs.org\/wp-content\/uploads\/2023\/07\/logo-cnrs_fondation.png","width":1807,"height":400,"caption":"CNRS Foundation"},"image":{"@id":"https:\/\/fondation-cnrs.org\/en\/#\/schema\/logo\/image\/"},"sameAs":["https:\/\/fr.linkedin.com\/company\/fondation-cnrs"]}]}},"_links":{"self":[{"href":"https:\/\/fondation-cnrs.org\/en\/wp-json\/wp\/v2\/pages\/14202","targetHints":{"allow":["GET"]}}],"collection":[{"href":"https:\/\/fondation-cnrs.org\/en\/wp-json\/wp\/v2\/pages"}],"about":[{"href":"https:\/\/fondation-cnrs.org\/en\/wp-json\/wp\/v2\/types\/page"}],"author":[{"embeddable":true,"href":"https:\/\/fondation-cnrs.org\/en\/wp-json\/wp\/v2\/users\/1"}],"replies":[{"embeddable":true,"href":"https:\/\/fondation-cnrs.org\/en\/wp-json\/wp\/v2\/comments?post=14202"}],"version-history":[{"count":0,"href":"https:\/\/fondation-cnrs.org\/en\/wp-json\/wp\/v2\/pages\/14202\/revisions"}],"wp:attachment":[{"href":"https:\/\/fondation-cnrs.org\/en\/wp-json\/wp\/v2\/media?parent=14202"}],"curies":[{"name":"wp","href":"https:\/\/api.w.org\/{rel}","templated":true}]}}