{"id":14075,"date":"2023-07-10T08:23:15","date_gmt":"2023-07-10T06:23:15","guid":{"rendered":"https:\/\/fondation-cnrs.org\/the-team\/"},"modified":"2025-10-23T16:07:02","modified_gmt":"2025-10-23T14:07:02","slug":"the-team","status":"publish","type":"page","link":"https:\/\/fondation-cnrs.org\/en\/the-team\/","title":{"rendered":"The team"},"content":{"rendered":"\t\t<div data-elementor-type=\"wp-page\" data-elementor-id=\"14075\" class=\"elementor elementor-14075 elementor-1589\" data-elementor-settings=\"{&quot;ha_cmc_init_switcher&quot;:&quot;no&quot;}\" data-elementor-post-type=\"page\">\n\t\t\t\t\t\t<section class=\"elementor-section elementor-top-section elementor-element elementor-element-4e71e66 elementor-section-full_width elementor-section-height-default elementor-section-height-default\" data-id=\"4e71e66\" data-element_type=\"section\" data-settings=\"{&quot;_ha_eqh_enable&quot;:false}\">\n\t\t\t\t\t\t<div class=\"elementor-container elementor-column-gap-default\">\n\t\t\t\t\t<div class=\"elementor-column elementor-col-100 elementor-top-column elementor-element elementor-element-11a7b9c\" data-id=\"11a7b9c\" data-element_type=\"column\">\n\t\t\t<div class=\"elementor-widget-wrap elementor-element-populated\">\n\t\t\t\t\t\t<div class=\"elementor-element elementor-element-a39d077 elementor-widget elementor-widget-image\" data-id=\"a39d077\" data-element_type=\"widget\" data-widget_type=\"image.default\">\n\t\t\t\t<div class=\"elementor-widget-container\">\n\t\t\t\t\t\t\t\t\t\t\t\t\t\t\t<img fetchpriority=\"high\" decoding=\"async\" width=\"1440\" height=\"600\" src=\"https:\/\/fondation-cnrs.org\/wp-content\/uploads\/2024\/10\/banner-page-equipe-fondation-cnrs.jpg\" class=\"attachment-full size-full wp-image-13994\" alt=\"\" srcset=\"https:\/\/fondation-cnrs.org\/wp-content\/uploads\/2024\/10\/banner-page-equipe-fondation-cnrs.jpg 1440w, https:\/\/fondation-cnrs.org\/wp-content\/uploads\/2024\/10\/banner-page-equipe-fondation-cnrs-300x125.jpg 300w, https:\/\/fondation-cnrs.org\/wp-content\/uploads\/2024\/10\/banner-page-equipe-fondation-cnrs-1024x427.jpg 1024w, https:\/\/fondation-cnrs.org\/wp-content\/uploads\/2024\/10\/banner-page-equipe-fondation-cnrs-768x320.jpg 768w\" sizes=\"(max-width: 1440px) 100vw, 1440px\" \/>\t\t\t\t\t\t\t\t\t\t\t\t\t\t\t<\/div>\n\t\t\t\t<\/div>\n\t\t\t\t<section class=\"elementor-section elementor-inner-section elementor-element elementor-element-1feb6fb elementor-section-full_width setAbsolute elementor-section-height-default elementor-section-height-default\" data-id=\"1feb6fb\" data-element_type=\"section\" data-settings=\"{&quot;_ha_eqh_enable&quot;:false}\">\n\t\t\t\t\t\t<div class=\"elementor-container elementor-column-gap-default\">\n\t\t\t\t\t<div class=\"elementor-column elementor-col-50 elementor-inner-column elementor-element elementor-element-1f9bbab col-citation\" data-id=\"1f9bbab\" data-element_type=\"column\" data-settings=\"{&quot;background_background&quot;:&quot;classic&quot;}\">\n\t\t\t<div class=\"elementor-widget-wrap elementor-element-populated\">\n\t\t\t\t\t\t<div class=\"elementor-element elementor-element-7bd205a elementor-widget elementor-widget-heading\" data-id=\"7bd205a\" data-element_type=\"widget\" data-settings=\"{&quot;_animation&quot;:&quot;none&quot;}\" data-widget_type=\"heading.default\">\n\t\t\t\t<div class=\"elementor-widget-container\">\n\t\t\t\t\t<h1 class=\"elementor-heading-title elementor-size-default\">The Foundation team<\/h1>\t\t\t\t<\/div>\n\t\t\t\t<\/div>\n\t\t\t\t<div class=\"elementor-element elementor-element-42c86f2 elementor-widget elementor-widget-text-editor\" data-id=\"42c86f2\" data-element_type=\"widget\" data-widget_type=\"text-editor.default\">\n\t\t\t\t<div class=\"elementor-widget-container\">\n\t\t\t\t\t\t\t\t\t<p><span style=\"font-weight: 400;\">A team of Professionals at Your service<\/span><\/p>\t\t\t\t\t\t\t\t<\/div>\n\t\t\t\t<\/div>\n\t\t\t\t\t<\/div>\n\t\t<\/div>\n\t\t\t\t<div class=\"elementor-column elementor-col-50 elementor-inner-column elementor-element elementor-element-556ecf3 elementor-hidden-mobile\" data-id=\"556ecf3\" data-element_type=\"column\">\n\t\t\t<div class=\"elementor-widget-wrap\">\n\t\t\t\t\t\t\t<\/div>\n\t\t<\/div>\n\t\t\t\t\t<\/div>\n\t\t<\/section>\n\t\t\t\t\t<\/div>\n\t\t<\/div>\n\t\t\t\t\t<\/div>\n\t\t<\/section>\n\t\t\t\t<section class=\"elementor-section elementor-top-section elementor-element elementor-element-99da9e7 elementor-section-full_width elementor-section-height-default elementor-section-height-default\" data-id=\"99da9e7\" data-element_type=\"section\" data-settings=\"{&quot;background_background&quot;:&quot;classic&quot;,&quot;_ha_eqh_enable&quot;:false}\">\n\t\t\t\t\t\t<div class=\"elementor-container elementor-column-gap-default\">\n\t\t\t\t\t<div class=\"elementor-column elementor-col-100 elementor-top-column elementor-element elementor-element-03ec0f7\" data-id=\"03ec0f7\" data-element_type=\"column\">\n\t\t\t<div class=\"elementor-widget-wrap elementor-element-populated\">\n\t\t\t\t\t\t<div class=\"elementor-element elementor-element-cc25708 elementor-widget-divider--view-line elementor-widget elementor-widget-divider\" data-id=\"cc25708\" data-element_type=\"widget\" id=\"teams\" data-widget_type=\"divider.default\">\n\t\t\t\t<div class=\"elementor-widget-container\">\n\t\t\t\t\t\t\t<div class=\"elementor-divider\">\n\t\t\t<span class=\"elementor-divider-separator\">\n\t\t\t\t\t\t<\/span>\n\t\t<\/div>\n\t\t\t\t\t\t<\/div>\n\t\t\t\t<\/div>\n\t\t\t\t\t<\/div>\n\t\t<\/div>\n\t\t\t\t\t<\/div>\n\t\t<\/section>\n\t\t\t\t<section class=\"elementor-section elementor-top-section elementor-element elementor-element-5adcc51 elementor-section-full_width elementor-section-height-default elementor-section-height-default\" data-id=\"5adcc51\" data-element_type=\"section\" data-settings=\"{&quot;background_background&quot;:&quot;classic&quot;,&quot;_ha_eqh_enable&quot;:false}\">\n\t\t\t\t\t\t<div class=\"elementor-container elementor-column-gap-default\">\n\t\t\t\t\t<div class=\"elementor-column elementor-col-100 elementor-top-column elementor-element elementor-element-f659d93\" data-id=\"f659d93\" data-element_type=\"column\">\n\t\t\t<div class=\"elementor-widget-wrap elementor-element-populated\">\n\t\t\t\t\t\t<section class=\"elementor-section elementor-inner-section elementor-element elementor-element-7eae499 elementor-section-boxed elementor-section-height-default elementor-section-height-default\" data-id=\"7eae499\" data-element_type=\"section\" id=\"teams\" data-settings=\"{&quot;_ha_eqh_enable&quot;:false}\">\n\t\t\t\t\t\t<div class=\"elementor-container elementor-column-gap-no\">\n\t\t\t\t\t<div class=\"elementor-column elementor-col-50 elementor-inner-column elementor-element elementor-element-27ed2cc\" data-id=\"27ed2cc\" data-element_type=\"column\">\n\t\t\t<div class=\"elementor-widget-wrap elementor-element-populated\">\n\t\t\t\t\t\t<div class=\"elementor-element elementor-element-59fb3ef elementor-position-right elementor-vertical-align-top elementor-widget elementor-widget-image-box\" data-id=\"59fb3ef\" data-element_type=\"widget\" data-widget_type=\"image-box.default\">\n\t\t\t\t<div class=\"elementor-widget-container\">\n\t\t\t\t\t<div class=\"elementor-image-box-wrapper\"><figure class=\"elementor-image-box-img\"><img decoding=\"async\" width=\"420\" height=\"496\" src=\"https:\/\/fondation-cnrs.org\/wp-content\/uploads\/2023\/11\/michel-mortier-fondation-cnrs.jpg\" class=\"attachment-full size-full wp-image-13825\" alt=\"\" srcset=\"https:\/\/fondation-cnrs.org\/wp-content\/uploads\/2023\/11\/michel-mortier-fondation-cnrs.jpg 420w, https:\/\/fondation-cnrs.org\/wp-content\/uploads\/2023\/11\/michel-mortier-fondation-cnrs-254x300.jpg 254w\" sizes=\"(max-width: 420px) 100vw, 420px\" \/><\/figure><div class=\"elementor-image-box-content\"><h2 class=\"elementor-image-box-title\">Michel Mortier<\/h2><p class=\"elementor-image-box-description\">Director General of the CNRS Foundation\n<\/p><\/div><\/div>\t\t\t\t<\/div>\n\t\t\t\t<\/div>\n\t\t\t\t\t<\/div>\n\t\t<\/div>\n\t\t\t\t<div class=\"elementor-column elementor-col-50 elementor-inner-column elementor-element elementor-element-9d72873\" data-id=\"9d72873\" data-element_type=\"column\">\n\t\t\t<div class=\"elementor-widget-wrap elementor-element-populated\">\n\t\t\t\t\t\t<div class=\"elementor-element elementor-element-2db8bce elementor-position-right elementor-vertical-align-top elementor-widget elementor-widget-image-box\" data-id=\"2db8bce\" data-element_type=\"widget\" data-widget_type=\"image-box.default\">\n\t\t\t\t<div class=\"elementor-widget-container\">\n\t\t\t\t\t<div class=\"elementor-image-box-wrapper\"><figure class=\"elementor-image-box-img\"><img decoding=\"async\" src=\"https:\/\/fondation-cnrs.org\/wp-content\/uploads\/2025\/10\/brigitte-roux-fondation-cnrs-2.jpg\" title=\"brigitte-roux-fondation-cnrs-2\" alt=\"Photo de Brigitte Roux, directrice\" loading=\"lazy\" \/><\/figure><div class=\"elementor-image-box-content\"><h2 class=\"elementor-image-box-title\">Brigitte Roux<\/h2><p class=\"elementor-image-box-description\">Deputy Director General of the CNRS Foundation\n<\/p><\/div><\/div>\t\t\t\t<\/div>\n\t\t\t\t<\/div>\n\t\t\t\t\t<\/div>\n\t\t<\/div>\n\t\t\t\t\t<\/div>\n\t\t<\/section>\n\t\t\t\t<section class=\"elementor-section elementor-inner-section elementor-element elementor-element-9b69117 elementor-section-boxed elementor-section-height-default elementor-section-height-default\" data-id=\"9b69117\" data-element_type=\"section\" id=\"teams\" data-settings=\"{&quot;_ha_eqh_enable&quot;:false}\">\n\t\t\t\t\t\t<div class=\"elementor-container elementor-column-gap-no\">\n\t\t\t\t\t<div class=\"elementor-column elementor-col-50 elementor-inner-column elementor-element elementor-element-0b87665\" data-id=\"0b87665\" data-element_type=\"column\">\n\t\t\t<div class=\"elementor-widget-wrap elementor-element-populated\">\n\t\t\t\t\t\t<div class=\"elementor-element elementor-element-bff68b4 elementor-position-right elementor-vertical-align-top elementor-widget elementor-widget-image-box\" data-id=\"bff68b4\" data-element_type=\"widget\" data-widget_type=\"image-box.default\">\n\t\t\t\t<div class=\"elementor-widget-container\">\n\t\t\t\t\t<div class=\"elementor-image-box-wrapper\"><figure class=\"elementor-image-box-img\"><img decoding=\"async\" width=\"420\" height=\"496\" src=\"https:\/\/fondation-cnrs.org\/wp-content\/uploads\/2023\/11\/barbara-ciaramella-fondation-cnrs-1.jpg\" class=\"attachment-full size-full wp-image-13823\" alt=\"\" srcset=\"https:\/\/fondation-cnrs.org\/wp-content\/uploads\/2023\/11\/barbara-ciaramella-fondation-cnrs-1.jpg 420w, https:\/\/fondation-cnrs.org\/wp-content\/uploads\/2023\/11\/barbara-ciaramella-fondation-cnrs-1-254x300.jpg 254w\" sizes=\"(max-width: 420px) 100vw, 420px\" \/><\/figure><div class=\"elementor-image-box-content\"><h2 class=\"elementor-image-box-title\">Barbara Ciaramella<\/h2><p class=\"elementor-image-box-description\">Development and Communication Officer<\/p><\/div><\/div>\t\t\t\t<\/div>\n\t\t\t\t<\/div>\n\t\t\t\t\t<\/div>\n\t\t<\/div>\n\t\t\t\t<div class=\"elementor-column elementor-col-50 elementor-inner-column elementor-element elementor-element-0485277\" data-id=\"0485277\" data-element_type=\"column\">\n\t\t\t<div class=\"elementor-widget-wrap elementor-element-populated\">\n\t\t\t\t\t\t<div class=\"elementor-element elementor-element-8300d1d elementor-position-right elementor-vertical-align-top elementor-widget elementor-widget-image-box\" data-id=\"8300d1d\" data-element_type=\"widget\" data-widget_type=\"image-box.default\">\n\t\t\t\t<div class=\"elementor-widget-container\">\n\t\t\t\t\t<div class=\"elementor-image-box-wrapper\"><figure class=\"elementor-image-box-img\"><img decoding=\"async\" src=\"https:\/\/fondation-cnrs.org\/wp-content\/uploads\/2024\/09\/minha-pham.jpg\" title=\"Minha-Pham\" alt=\"Minha-Pham\" loading=\"lazy\" \/><\/figure><div class=\"elementor-image-box-content\"><h2 class=\"elementor-image-box-title\">Minh-H\u00e0 <br>Pham<\/h2><p class=\"elementor-image-box-description\">International Development Officer<\/p><\/div><\/div>\t\t\t\t<\/div>\n\t\t\t\t<\/div>\n\t\t\t\t\t<\/div>\n\t\t<\/div>\n\t\t\t\t\t<\/div>\n\t\t<\/section>\n\t\t\t\t\t<\/div>\n\t\t<\/div>\n\t\t\t\t\t<\/div>\n\t\t<\/section>\n\t\t\t\t<section class=\"elementor-section elementor-top-section elementor-element elementor-element-9ee2f6e elementor-section-full_width elementor-section-height-default elementor-section-height-default\" data-id=\"9ee2f6e\" data-element_type=\"section\" data-settings=\"{&quot;background_background&quot;:&quot;classic&quot;,&quot;_ha_eqh_enable&quot;:false}\">\n\t\t\t\t\t\t<div class=\"elementor-container elementor-column-gap-default\">\n\t\t\t\t\t<div class=\"elementor-column elementor-col-100 elementor-top-column elementor-element elementor-element-9862975\" data-id=\"9862975\" data-element_type=\"column\">\n\t\t\t<div class=\"elementor-widget-wrap elementor-element-populated\">\n\t\t\t\t\t\t<div class=\"elementor-element elementor-element-f5dcb6b elementor-widget elementor-widget-image\" data-id=\"f5dcb6b\" data-element_type=\"widget\" data-widget_type=\"image.default\">\n\t\t\t\t<div class=\"elementor-widget-container\">\n\t\t\t\t\t\t\t\t\t\t\t\t<figure class=\"wp-caption\">\n\t\t\t\t\t\t\t\t\t\t<img loading=\"lazy\" decoding=\"async\" width=\"800\" height=\"449\" src=\"https:\/\/fondation-cnrs.org\/wp-content\/uploads\/2024\/09\/equipe-fondation-cnrs-1024x575.jpg\" class=\"attachment-large size-large wp-image-13960\" alt=\"\" srcset=\"https:\/\/fondation-cnrs.org\/wp-content\/uploads\/2024\/09\/equipe-fondation-cnrs-1024x575.jpg 1024w, https:\/\/fondation-cnrs.org\/wp-content\/uploads\/2024\/09\/equipe-fondation-cnrs-300x169.jpg 300w, https:\/\/fondation-cnrs.org\/wp-content\/uploads\/2024\/09\/equipe-fondation-cnrs-768x431.jpg 768w, https:\/\/fondation-cnrs.org\/wp-content\/uploads\/2024\/09\/equipe-fondation-cnrs.jpg 1150w\" sizes=\"(max-width: 800px) 100vw, 800px\" \/>\t\t\t\t\t\t\t\t\t\t\t<figcaption class=\"widget-image-caption wp-caption-text\">\u00a9St\u00e9phaneRoux<\/figcaption>\n\t\t\t\t\t\t\t\t\t\t<\/figure>\n\t\t\t\t\t\t\t\t\t<\/div>\n\t\t\t\t<\/div>\n\t\t\t\t<div class=\"elementor-element elementor-element-b9a9c6f elementor-widget elementor-widget-spacer\" data-id=\"b9a9c6f\" data-element_type=\"widget\" data-widget_type=\"spacer.default\">\n\t\t\t\t<div class=\"elementor-widget-container\">\n\t\t\t\t\t\t\t<div class=\"elementor-spacer\">\n\t\t\t<div class=\"elementor-spacer-inner\"><\/div>\n\t\t<\/div>\n\t\t\t\t\t\t<\/div>\n\t\t\t\t<\/div>\n\t\t\t\t<div class=\"elementor-element elementor-element-4724d59 elementor-align-center elementor-widget elementor-widget-button\" data-id=\"4724d59\" data-element_type=\"widget\" data-widget_type=\"button.default\">\n\t\t\t\t<div class=\"elementor-widget-container\">\n\t\t\t\t\t\t\t\t\t<div class=\"elementor-button-wrapper\">\n\t\t\t\t\t<a class=\"elementor-button elementor-button-link elementor-size-sm\" href=\"https:\/\/fondation-cnrs.org\/en\/contact\/\">\n\t\t\t\t\t\t<span class=\"elementor-button-content-wrapper\">\n\t\t\t\t\t\t\t\t\t<span class=\"elementor-button-text\">Contact the foundation<\/span>\n\t\t\t\t\t<\/span>\n\t\t\t\t\t<\/a>\n\t\t\t\t<\/div>\n\t\t\t\t\t\t\t\t<\/div>\n\t\t\t\t<\/div>\n\t\t\t\t\t<\/div>\n\t\t<\/div>\n\t\t\t\t\t<\/div>\n\t\t<\/section>\n\t\t\t\t<\/div>\n\t\t","protected":false},"excerpt":{"rendered":"<p>The Foundation team A team of Professionals at Your service Michel Mortier Director General of the CNRS Foundation Brigitte Roux Deputy Director General of the CNRS Foundation Barbara Ciaramella Development and Communication Officer Minh-H\u00e0 Pham International Development Officer \u00a9St\u00e9phaneRoux Contact the foundation<\/p>\n","protected":false},"author":1,"featured_media":0,"parent":0,"menu_order":0,"comment_status":"closed","ping_status":"closed","template":"elementor_header_footer","meta":{"_acf_changed":false,"inline_featured_image":false,"footnotes":""},"class_list":["post-14075","page","type-page","status-publish","hentry"],"acf":[],"yoast_head":"<!-- This site is optimized with the Yoast SEO Premium plugin v25.9 (Yoast SEO v25.9) - https:\/\/yoast.com\/wordpress\/plugins\/seo\/ -->\n<title>CNRS Foundation team: a team of professionals at your service<\/title>\n<meta name=\"description\" content=\"CNRS Foundation team: A team of professionals at your disposal. For all your questions, please contact our team.\" \/>\n<meta name=\"robots\" content=\"index, follow, max-snippet:-1, max-image-preview:large, max-video-preview:-1\" \/>\n<link rel=\"canonical\" href=\"https:\/\/fondation-cnrs.org\/en\/the-team\/\" \/>\n<meta property=\"og:locale\" content=\"en_US\" \/>\n<meta property=\"og:type\" content=\"article\" \/>\n<meta property=\"og:title\" content=\"The team\" \/>\n<meta property=\"og:description\" content=\"CNRS Foundation team: A team of professionals at your disposal. For all your questions, please contact our team.\" \/>\n<meta property=\"og:url\" content=\"https:\/\/fondation-cnrs.org\/en\/the-team\/\" \/>\n<meta property=\"og:site_name\" content=\"CNRS Foundation\" \/>\n<meta property=\"article:modified_time\" content=\"2025-10-23T14:07:02+00:00\" \/>\n<meta property=\"og:image\" content=\"https:\/\/fondation-cnrs.org\/wp-content\/uploads\/2024\/10\/banner-page-equipe-fondation-cnrs.jpg\" \/>\n<meta name=\"twitter:card\" content=\"summary_large_image\" \/>\n<meta name=\"twitter:label1\" content=\"Est. reading time\" \/>\n\t<meta name=\"twitter:data1\" content=\"2 minutes\" \/>\n<script type=\"application\/ld+json\" class=\"yoast-schema-graph\">{\"@context\":\"https:\/\/schema.org\",\"@graph\":[{\"@type\":\"WebPage\",\"@id\":\"https:\/\/fondation-cnrs.org\/en\/the-team\/\",\"url\":\"https:\/\/fondation-cnrs.org\/en\/the-team\/\",\"name\":\"CNRS Foundation team: a team of professionals at your service\",\"isPartOf\":{\"@id\":\"https:\/\/fondation-cnrs.org\/en\/#website\"},\"primaryImageOfPage\":{\"@id\":\"https:\/\/fondation-cnrs.org\/en\/the-team\/#primaryimage\"},\"image\":{\"@id\":\"https:\/\/fondation-cnrs.org\/en\/the-team\/#primaryimage\"},\"thumbnailUrl\":\"https:\/\/fondation-cnrs.org\/wp-content\/uploads\/2024\/10\/banner-page-equipe-fondation-cnrs.jpg\",\"datePublished\":\"2023-07-10T06:23:15+00:00\",\"dateModified\":\"2025-10-23T14:07:02+00:00\",\"description\":\"CNRS Foundation team: A team of professionals at your disposal. For all your questions, please contact our team.\",\"breadcrumb\":{\"@id\":\"https:\/\/fondation-cnrs.org\/en\/the-team\/#breadcrumb\"},\"inLanguage\":\"en-US\",\"potentialAction\":[{\"@type\":\"ReadAction\",\"target\":[\"https:\/\/fondation-cnrs.org\/en\/the-team\/\"]}]},{\"@type\":\"ImageObject\",\"inLanguage\":\"en-US\",\"@id\":\"https:\/\/fondation-cnrs.org\/en\/the-team\/#primaryimage\",\"url\":\"https:\/\/fondation-cnrs.org\/wp-content\/uploads\/2024\/10\/banner-page-equipe-fondation-cnrs.jpg\",\"contentUrl\":\"https:\/\/fondation-cnrs.org\/wp-content\/uploads\/2024\/10\/banner-page-equipe-fondation-cnrs.jpg\"},{\"@type\":\"BreadcrumbList\",\"@id\":\"https:\/\/fondation-cnrs.org\/en\/the-team\/#breadcrumb\",\"itemListElement\":[{\"@type\":\"ListItem\",\"position\":1,\"name\":\"Home\",\"item\":\"https:\/\/fondation-cnrs.org\/en\/\"},{\"@type\":\"ListItem\",\"position\":2,\"name\":\"The team\"}]},{\"@type\":\"WebSite\",\"@id\":\"https:\/\/fondation-cnrs.org\/en\/#website\",\"url\":\"https:\/\/fondation-cnrs.org\/en\/\",\"name\":\"CNRS Foundation\",\"description\":\"Soutenez la recherche scientifique \u00e0 son plus haut niveau gr\u00e2ce \u00e0 la Fondation CNRS, la fondation du premier centre de recherche scientifique en France et en Europe.Support scientific research at its highest level thanks to the CNRS Foundation, the foundation of the first scientific research center in France and Europe.\",\"publisher\":{\"@id\":\"https:\/\/fondation-cnrs.org\/en\/#organization\"},\"potentialAction\":[{\"@type\":\"SearchAction\",\"target\":{\"@type\":\"EntryPoint\",\"urlTemplate\":\"https:\/\/fondation-cnrs.org\/en\/?s={search_term_string}\"},\"query-input\":{\"@type\":\"PropertyValueSpecification\",\"valueRequired\":true,\"valueName\":\"search_term_string\"}}],\"inLanguage\":\"en-US\"},{\"@type\":\"Organization\",\"@id\":\"https:\/\/fondation-cnrs.org\/en\/#organization\",\"name\":\"CNRS Foundation\",\"url\":\"https:\/\/fondation-cnrs.org\/en\/\",\"logo\":{\"@type\":\"ImageObject\",\"inLanguage\":\"en-US\",\"@id\":\"https:\/\/fondation-cnrs.org\/en\/#\/schema\/logo\/image\/\",\"url\":\"https:\/\/fondation-cnrs.org\/wp-content\/uploads\/2023\/07\/logo-cnrs_fondation.png\",\"contentUrl\":\"https:\/\/fondation-cnrs.org\/wp-content\/uploads\/2023\/07\/logo-cnrs_fondation.png\",\"width\":1807,\"height\":400,\"caption\":\"CNRS Foundation\"},\"image\":{\"@id\":\"https:\/\/fondation-cnrs.org\/en\/#\/schema\/logo\/image\/\"},\"sameAs\":[\"https:\/\/fr.linkedin.com\/company\/fondation-cnrs\"]}]}<\/script>\n<!-- \/ Yoast SEO Premium plugin. -->","yoast_head_json":{"title":"CNRS Foundation team: a team of professionals at your service","description":"CNRS Foundation team: A team of professionals at your disposal. For all your questions, please contact our team.","robots":{"index":"index","follow":"follow","max-snippet":"max-snippet:-1","max-image-preview":"max-image-preview:large","max-video-preview":"max-video-preview:-1"},"canonical":"https:\/\/fondation-cnrs.org\/en\/the-team\/","og_locale":"en_US","og_type":"article","og_title":"The team","og_description":"CNRS Foundation team: A team of professionals at your disposal. For all your questions, please contact our team.","og_url":"https:\/\/fondation-cnrs.org\/en\/the-team\/","og_site_name":"CNRS Foundation","article_modified_time":"2025-10-23T14:07:02+00:00","og_image":[{"url":"https:\/\/fondation-cnrs.org\/wp-content\/uploads\/2024\/10\/banner-page-equipe-fondation-cnrs.jpg","type":"","width":"","height":""}],"twitter_card":"summary_large_image","twitter_misc":{"Est. reading time":"2 minutes"},"schema":{"@context":"https:\/\/schema.org","@graph":[{"@type":"WebPage","@id":"https:\/\/fondation-cnrs.org\/en\/the-team\/","url":"https:\/\/fondation-cnrs.org\/en\/the-team\/","name":"CNRS Foundation team: a team of professionals at your service","isPartOf":{"@id":"https:\/\/fondation-cnrs.org\/en\/#website"},"primaryImageOfPage":{"@id":"https:\/\/fondation-cnrs.org\/en\/the-team\/#primaryimage"},"image":{"@id":"https:\/\/fondation-cnrs.org\/en\/the-team\/#primaryimage"},"thumbnailUrl":"https:\/\/fondation-cnrs.org\/wp-content\/uploads\/2024\/10\/banner-page-equipe-fondation-cnrs.jpg","datePublished":"2023-07-10T06:23:15+00:00","dateModified":"2025-10-23T14:07:02+00:00","description":"CNRS Foundation team: A team of professionals at your disposal. For all your questions, please contact our team.","breadcrumb":{"@id":"https:\/\/fondation-cnrs.org\/en\/the-team\/#breadcrumb"},"inLanguage":"en-US","potentialAction":[{"@type":"ReadAction","target":["https:\/\/fondation-cnrs.org\/en\/the-team\/"]}]},{"@type":"ImageObject","inLanguage":"en-US","@id":"https:\/\/fondation-cnrs.org\/en\/the-team\/#primaryimage","url":"https:\/\/fondation-cnrs.org\/wp-content\/uploads\/2024\/10\/banner-page-equipe-fondation-cnrs.jpg","contentUrl":"https:\/\/fondation-cnrs.org\/wp-content\/uploads\/2024\/10\/banner-page-equipe-fondation-cnrs.jpg"},{"@type":"BreadcrumbList","@id":"https:\/\/fondation-cnrs.org\/en\/the-team\/#breadcrumb","itemListElement":[{"@type":"ListItem","position":1,"name":"Home","item":"https:\/\/fondation-cnrs.org\/en\/"},{"@type":"ListItem","position":2,"name":"The team"}]},{"@type":"WebSite","@id":"https:\/\/fondation-cnrs.org\/en\/#website","url":"https:\/\/fondation-cnrs.org\/en\/","name":"CNRS Foundation","description":"Soutenez la recherche scientifique \u00e0 son plus haut niveau gr\u00e2ce \u00e0 la Fondation CNRS, la fondation du premier centre de recherche scientifique en France et en Europe.Support scientific research at its highest level thanks to the CNRS Foundation, the foundation of the first scientific research center in France and Europe.","publisher":{"@id":"https:\/\/fondation-cnrs.org\/en\/#organization"},"potentialAction":[{"@type":"SearchAction","target":{"@type":"EntryPoint","urlTemplate":"https:\/\/fondation-cnrs.org\/en\/?s={search_term_string}"},"query-input":{"@type":"PropertyValueSpecification","valueRequired":true,"valueName":"search_term_string"}}],"inLanguage":"en-US"},{"@type":"Organization","@id":"https:\/\/fondation-cnrs.org\/en\/#organization","name":"CNRS Foundation","url":"https:\/\/fondation-cnrs.org\/en\/","logo":{"@type":"ImageObject","inLanguage":"en-US","@id":"https:\/\/fondation-cnrs.org\/en\/#\/schema\/logo\/image\/","url":"https:\/\/fondation-cnrs.org\/wp-content\/uploads\/2023\/07\/logo-cnrs_fondation.png","contentUrl":"https:\/\/fondation-cnrs.org\/wp-content\/uploads\/2023\/07\/logo-cnrs_fondation.png","width":1807,"height":400,"caption":"CNRS Foundation"},"image":{"@id":"https:\/\/fondation-cnrs.org\/en\/#\/schema\/logo\/image\/"},"sameAs":["https:\/\/fr.linkedin.com\/company\/fondation-cnrs"]}]}},"_links":{"self":[{"href":"https:\/\/fondation-cnrs.org\/en\/wp-json\/wp\/v2\/pages\/14075","targetHints":{"allow":["GET"]}}],"collection":[{"href":"https:\/\/fondation-cnrs.org\/en\/wp-json\/wp\/v2\/pages"}],"about":[{"href":"https:\/\/fondation-cnrs.org\/en\/wp-json\/wp\/v2\/types\/page"}],"author":[{"embeddable":true,"href":"https:\/\/fondation-cnrs.org\/en\/wp-json\/wp\/v2\/users\/1"}],"replies":[{"embeddable":true,"href":"https:\/\/fondation-cnrs.org\/en\/wp-json\/wp\/v2\/comments?post=14075"}],"version-history":[{"count":0,"href":"https:\/\/fondation-cnrs.org\/en\/wp-json\/wp\/v2\/pages\/14075\/revisions"}],"wp:attachment":[{"href":"https:\/\/fondation-cnrs.org\/en\/wp-json\/wp\/v2\/media?parent=14075"}],"curies":[{"name":"wp","href":"https:\/\/api.w.org\/{rel}","templated":true}]}}