{"id":14072,"date":"2023-07-07T18:40:35","date_gmt":"2023-07-07T16:40:35","guid":{"rendered":"https:\/\/fondation-cnrs.org\/creating-a-foundation-under-aegis\/"},"modified":"2025-01-27T12:23:34","modified_gmt":"2025-01-27T10:23:34","slug":"creating-a-foundation-under-aegis","status":"publish","type":"page","link":"https:\/\/fondation-cnrs.org\/en\/creating-a-foundation-under-aegis\/","title":{"rendered":"Creating a foundation under aegis"},"content":{"rendered":"\t\t<div data-elementor-type=\"wp-page\" data-elementor-id=\"14072\" class=\"elementor elementor-14072 elementor-854\" data-elementor-settings=\"{&quot;ha_cmc_init_switcher&quot;:&quot;no&quot;}\" data-elementor-post-type=\"page\">\n\t\t\t\t\t\t<section class=\"elementor-section elementor-top-section elementor-element elementor-element-4e71e66 elementor-section-full_width elementor-section-height-default elementor-section-height-default\" data-id=\"4e71e66\" data-element_type=\"section\" data-settings=\"{&quot;_ha_eqh_enable&quot;:false}\">\n\t\t\t\t\t\t<div class=\"elementor-container elementor-column-gap-default\">\n\t\t\t\t\t<div class=\"elementor-column elementor-col-100 elementor-top-column elementor-element elementor-element-11a7b9c\" data-id=\"11a7b9c\" data-element_type=\"column\">\n\t\t\t<div class=\"elementor-widget-wrap elementor-element-populated\">\n\t\t\t\t\t\t<div class=\"elementor-element elementor-element-a39d077 elementor-widget elementor-widget-image\" data-id=\"a39d077\" data-element_type=\"widget\" data-widget_type=\"image.default\">\n\t\t\t\t<div class=\"elementor-widget-container\">\n\t\t\t\t\t\t\t\t\t\t\t\t\t\t\t<img fetchpriority=\"high\" decoding=\"async\" width=\"1440\" height=\"600\" src=\"https:\/\/fondation-cnrs.org\/wp-content\/uploads\/2024\/10\/banner-page-creer-fondation-sous-egide.jpg\" class=\"attachment-full size-full wp-image-14014\" alt=\"\" srcset=\"https:\/\/fondation-cnrs.org\/wp-content\/uploads\/2024\/10\/banner-page-creer-fondation-sous-egide.jpg 1440w, https:\/\/fondation-cnrs.org\/wp-content\/uploads\/2024\/10\/banner-page-creer-fondation-sous-egide-300x125.jpg 300w, https:\/\/fondation-cnrs.org\/wp-content\/uploads\/2024\/10\/banner-page-creer-fondation-sous-egide-1024x427.jpg 1024w, https:\/\/fondation-cnrs.org\/wp-content\/uploads\/2024\/10\/banner-page-creer-fondation-sous-egide-768x320.jpg 768w\" sizes=\"(max-width: 1440px) 100vw, 1440px\" \/>\t\t\t\t\t\t\t\t\t\t\t\t\t\t\t<\/div>\n\t\t\t\t<\/div>\n\t\t\t\t<section class=\"elementor-section elementor-inner-section elementor-element elementor-element-1feb6fb elementor-section-full_width setAbsolute elementor-section-height-default elementor-section-height-default\" data-id=\"1feb6fb\" data-element_type=\"section\" data-settings=\"{&quot;_ha_eqh_enable&quot;:false}\">\n\t\t\t\t\t\t<div class=\"elementor-container elementor-column-gap-default\">\n\t\t\t\t\t<div class=\"elementor-column elementor-col-50 elementor-inner-column elementor-element elementor-element-1f9bbab col-citation\" data-id=\"1f9bbab\" data-element_type=\"column\" data-settings=\"{&quot;background_background&quot;:&quot;classic&quot;}\">\n\t\t\t<div class=\"elementor-widget-wrap elementor-element-populated\">\n\t\t\t\t\t\t<div class=\"elementor-element elementor-element-7bd205a elementor-widget elementor-widget-heading\" data-id=\"7bd205a\" data-element_type=\"widget\" data-settings=\"{&quot;_animation&quot;:&quot;none&quot;}\" data-widget_type=\"heading.default\">\n\t\t\t\t<div class=\"elementor-widget-container\">\n\t\t\t\t\t<h1 class=\"elementor-heading-title elementor-size-default\">Creating a foundation under aegis<\/h1>\t\t\t\t<\/div>\n\t\t\t\t<\/div>\n\t\t\t\t<div class=\"elementor-element elementor-element-3e5aad6 elementor-widget elementor-widget-text-editor\" data-id=\"3e5aad6\" data-element_type=\"widget\" data-widget_type=\"text-editor.default\">\n\t\t\t\t<div class=\"elementor-widget-container\">\n\t\t\t\t\t\t\t\t\t<p><i><span style=\"font-weight: 400;\">Providing your project with a sustainable framework<\/span><\/i><\/p>\t\t\t\t\t\t\t\t<\/div>\n\t\t\t\t<\/div>\n\t\t\t\t\t<\/div>\n\t\t<\/div>\n\t\t\t\t<div class=\"elementor-column elementor-col-50 elementor-inner-column elementor-element elementor-element-556ecf3 elementor-hidden-mobile\" data-id=\"556ecf3\" data-element_type=\"column\">\n\t\t\t<div class=\"elementor-widget-wrap\">\n\t\t\t\t\t\t\t<\/div>\n\t\t<\/div>\n\t\t\t\t\t<\/div>\n\t\t<\/section>\n\t\t\t\t\t<\/div>\n\t\t<\/div>\n\t\t\t\t\t<\/div>\n\t\t<\/section>\n\t\t\t\t<section class=\"elementor-section elementor-top-section elementor-element elementor-element-99da9e7 elementor-section-full_width elementor-section-height-default elementor-section-height-default\" data-id=\"99da9e7\" data-element_type=\"section\" data-settings=\"{&quot;background_background&quot;:&quot;classic&quot;,&quot;_ha_eqh_enable&quot;:false}\">\n\t\t\t\t\t\t<div class=\"elementor-container elementor-column-gap-default\">\n\t\t\t\t\t<div class=\"elementor-column elementor-col-100 elementor-top-column elementor-element elementor-element-03ec0f7\" data-id=\"03ec0f7\" data-element_type=\"column\">\n\t\t\t<div class=\"elementor-widget-wrap elementor-element-populated\">\n\t\t\t\t\t\t<div class=\"elementor-element elementor-element-399e11d elementor-widget__width-initial no-br elementor-widget elementor-widget-text-editor\" data-id=\"399e11d\" data-element_type=\"widget\" data-widget_type=\"text-editor.default\">\n\t\t\t\t<div class=\"elementor-widget-container\">\n\t\t\t\t\t\t\t\t\t<p><span style=\"font-weight: 400;\">The CNRS Foundation is a host foundation. It therefore offers the possibility of creating your own dedicated fund or sheltered foundation.<\/span><\/p>\t\t\t\t\t\t\t\t<\/div>\n\t\t\t\t<\/div>\n\t\t\t\t\t<\/div>\n\t\t<\/div>\n\t\t\t\t\t<\/div>\n\t\t<\/section>\n\t\t\t\t<section class=\"elementor-section elementor-top-section elementor-element elementor-element-87c89f6 elementor-section-boxed elementor-section-height-default elementor-section-height-default\" data-id=\"87c89f6\" data-element_type=\"section\" data-settings=\"{&quot;_ha_eqh_enable&quot;:false}\">\n\t\t\t\t\t\t<div class=\"elementor-container elementor-column-gap-no\">\n\t\t\t\t\t<div class=\"elementor-column elementor-col-100 elementor-top-column elementor-element elementor-element-7dbb20c\" data-id=\"7dbb20c\" data-element_type=\"column\">\n\t\t\t<div class=\"elementor-widget-wrap elementor-element-populated\">\n\t\t\t\t\t\t<section class=\"elementor-section elementor-inner-section elementor-element elementor-element-d9ddc6d elementor-section-boxed elementor-section-height-default elementor-section-height-default\" data-id=\"d9ddc6d\" data-element_type=\"section\" data-settings=\"{&quot;_ha_eqh_enable&quot;:false}\">\n\t\t\t\t\t\t<div class=\"elementor-container elementor-column-gap-default\">\n\t\t\t\t\t<div class=\"elementor-column elementor-col-100 elementor-inner-column elementor-element elementor-element-f0285b9\" data-id=\"f0285b9\" data-element_type=\"column\">\n\t\t\t<div class=\"elementor-widget-wrap elementor-element-populated\">\n\t\t\t\t\t\t<div class=\"elementor-element elementor-element-80f82c0 elementor-widget elementor-widget-text-editor\" data-id=\"80f82c0\" data-element_type=\"widget\" data-widget_type=\"text-editor.default\">\n\t\t\t\t<div class=\"elementor-widget-container\">\n\t\t\t\t\t\t\t\t\t<p><span style=\"font-weight: 400;\">In keeping with the CNRS&#8217;s mission &#8211; to carry out unrestricted multidisciplinary research at national and international level &#8211; the Foundation is open to hosting initiatives in support of research and innovation: foundations of researchers or foundations of patrons wishing to develop their field of action, their reputation and their fund-raising capabilities, by benefiting from the status of foundation under aegis.<\/span><\/p><p><span style=\"font-weight: 400;\">The CNRS Foundation has legal personality and relieves the foundations it hosts of administrative and management burden, allowing them to devote their energy solely to supporting the causes they have chosen. <\/span><\/p>\t\t\t\t\t\t\t\t<\/div>\n\t\t\t\t<\/div>\n\t\t\t\t\t<\/div>\n\t\t<\/div>\n\t\t\t\t\t<\/div>\n\t\t<\/section>\n\t\t\t\t<section class=\"elementor-section elementor-inner-section elementor-element elementor-element-d59d74c elementor-section-boxed elementor-section-height-default elementor-section-height-default\" data-id=\"d59d74c\" data-element_type=\"section\" data-settings=\"{&quot;_ha_eqh_enable&quot;:false}\">\n\t\t\t\t\t\t<div class=\"elementor-container elementor-column-gap-default\">\n\t\t\t\t\t<div class=\"elementor-column elementor-col-100 elementor-inner-column elementor-element elementor-element-5eddaaf\" data-id=\"5eddaaf\" data-element_type=\"column\">\n\t\t\t<div class=\"elementor-widget-wrap elementor-element-populated\">\n\t\t\t\t\t\t<div class=\"elementor-element elementor-element-cc709ff elementor-widget elementor-widget-heading\" data-id=\"cc709ff\" data-element_type=\"widget\" data-widget_type=\"heading.default\">\n\t\t\t\t<div class=\"elementor-widget-container\">\n\t\t\t\t\t<h2 class=\"elementor-heading-title elementor-size-default\">Why set up a dedicated fund or a foundation under aegis<\/h2>\t\t\t\t<\/div>\n\t\t\t\t<\/div>\n\t\t\t\t<div class=\"elementor-element elementor-element-3c57402 elementor-widget elementor-widget-text-editor\" data-id=\"3c57402\" data-element_type=\"widget\" data-widget_type=\"text-editor.default\">\n\t\t\t\t<div class=\"elementor-widget-container\">\n\t\t\t\t\t\t\t\t\t<ul><li dir=\"ltr\" style=\"line-height: 1.38;\" role=\"presentation\"><span style=\"font-size: 12pt; font-variant-numeric: normal; font-variant-east-asian: normal; font-variant-alternates: normal; font-variant-position: normal; font-variant-emoji: normal; vertical-align: baseline; text-wrap-mode: wrap;\">The fund or foundation may freely take the name of its founders or highlight the cause it supports by name;<\/span><\/li><li><span style=\"font-weight: 400;\">The tax advantages are identical to those of the CNRS Foundation;<\/span><\/li><li><span style=\"font-weight: 400;\">The ability to receive legacies and donations;<\/span><\/li><li><span style=\"font-weight: 400;\">Administrative support from the CNRS Foundation, while retaining considerable freedom in the collection and use of funds;<\/span><\/li><li><span style=\"font-weight: 400;\">A freely chosen fixed term, or even perennial, a foundation with or without an initial endowment.<\/span><\/li><\/ul>\t\t\t\t\t\t\t\t<\/div>\n\t\t\t\t<\/div>\n\t\t\t\t<div class=\"elementor-element elementor-element-4a1a89f button elementor-widget elementor-widget-button\" data-id=\"4a1a89f\" data-element_type=\"widget\" data-widget_type=\"button.default\">\n\t\t\t\t<div class=\"elementor-widget-container\">\n\t\t\t\t\t\t\t\t\t<div class=\"elementor-button-wrapper\">\n\t\t\t\t\t<a class=\"elementor-button elementor-button-link elementor-size-sm\" href=\"https:\/\/fondation-cnrs.org\/en\/contact\/\">\n\t\t\t\t\t\t<span class=\"elementor-button-content-wrapper\">\n\t\t\t\t\t\t\t\t\t<span class=\"elementor-button-text\">Contact us<\/span>\n\t\t\t\t\t<\/span>\n\t\t\t\t\t<\/a>\n\t\t\t\t<\/div>\n\t\t\t\t\t\t\t\t<\/div>\n\t\t\t\t<\/div>\n\t\t\t\t\t<\/div>\n\t\t<\/div>\n\t\t\t\t\t<\/div>\n\t\t<\/section>\n\t\t\t\t\t<\/div>\n\t\t<\/div>\n\t\t\t\t\t<\/div>\n\t\t<\/section>\n\t\t\t\t<\/div>\n\t\t","protected":false},"excerpt":{"rendered":"<p>Creating a foundation under aegis Providing your project with a sustainable framework The CNRS Foundation is a host foundation. It therefore offers the possibility of creating your own dedicated fund or sheltered foundation. In keeping with the CNRS&#8217;s mission &#8211; to carry out unrestricted multidisciplinary research at national and international level &#8211; the Foundation is [&hellip;]<\/p>\n","protected":false},"author":1,"featured_media":0,"parent":0,"menu_order":0,"comment_status":"closed","ping_status":"closed","template":"elementor_header_footer","meta":{"_acf_changed":false,"inline_featured_image":false,"footnotes":""},"class_list":["post-14072","page","type-page","status-publish","hentry"],"acf":[],"yoast_head":"<!-- This site is optimized with the Yoast SEO Premium plugin v25.9 (Yoast SEO v25.9) - https:\/\/yoast.com\/wordpress\/plugins\/seo\/ -->\n<title>Creating a foundation under the aegis of a sponsoring foundation - Fondations CNRS<\/title>\n<meta name=\"description\" content=\"Creating a foundation under aegis The CNRS Foundation is a host foundation. It also offers the possibility of creating your own dedicated fund or sheltered foundation.\" \/>\n<meta name=\"robots\" content=\"index, follow, max-snippet:-1, max-image-preview:large, max-video-preview:-1\" \/>\n<link rel=\"canonical\" href=\"https:\/\/fondation-cnrs.org\/en\/creating-a-foundation-under-aegis\/\" \/>\n<meta property=\"og:locale\" content=\"en_US\" \/>\n<meta property=\"og:type\" content=\"article\" \/>\n<meta property=\"og:title\" content=\"Creating a foundation under aegis\" \/>\n<meta property=\"og:description\" content=\"Creating a foundation under aegis The CNRS Foundation is a host foundation. It also offers the possibility of creating your own dedicated fund or sheltered foundation.\" \/>\n<meta property=\"og:url\" content=\"https:\/\/fondation-cnrs.org\/en\/creating-a-foundation-under-aegis\/\" \/>\n<meta property=\"og:site_name\" content=\"CNRS Foundation\" \/>\n<meta property=\"article:modified_time\" content=\"2025-01-27T10:23:34+00:00\" \/>\n<meta property=\"og:image\" content=\"https:\/\/fondation-cnrs.org\/wp-content\/uploads\/2024\/10\/banner-page-creer-fondation-sous-egide.jpg\" \/>\n<meta name=\"twitter:card\" content=\"summary_large_image\" \/>\n<meta name=\"twitter:label1\" content=\"Est. reading time\" \/>\n\t<meta name=\"twitter:data1\" content=\"2 minutes\" \/>\n<script type=\"application\/ld+json\" class=\"yoast-schema-graph\">{\"@context\":\"https:\/\/schema.org\",\"@graph\":[{\"@type\":\"WebPage\",\"@id\":\"https:\/\/fondation-cnrs.org\/en\/creating-a-foundation-under-aegis\/\",\"url\":\"https:\/\/fondation-cnrs.org\/en\/creating-a-foundation-under-aegis\/\",\"name\":\"Creating a foundation under the aegis of a sponsoring foundation - Fondations CNRS\",\"isPartOf\":{\"@id\":\"https:\/\/fondation-cnrs.org\/en\/#website\"},\"primaryImageOfPage\":{\"@id\":\"https:\/\/fondation-cnrs.org\/en\/creating-a-foundation-under-aegis\/#primaryimage\"},\"image\":{\"@id\":\"https:\/\/fondation-cnrs.org\/en\/creating-a-foundation-under-aegis\/#primaryimage\"},\"thumbnailUrl\":\"https:\/\/fondation-cnrs.org\/wp-content\/uploads\/2024\/10\/banner-page-creer-fondation-sous-egide.jpg\",\"datePublished\":\"2023-07-07T16:40:35+00:00\",\"dateModified\":\"2025-01-27T10:23:34+00:00\",\"description\":\"Creating a foundation under aegis The CNRS Foundation is a host foundation. It also offers the possibility of creating your own dedicated fund or sheltered foundation.\",\"breadcrumb\":{\"@id\":\"https:\/\/fondation-cnrs.org\/en\/creating-a-foundation-under-aegis\/#breadcrumb\"},\"inLanguage\":\"en-US\",\"potentialAction\":[{\"@type\":\"ReadAction\",\"target\":[\"https:\/\/fondation-cnrs.org\/en\/creating-a-foundation-under-aegis\/\"]}]},{\"@type\":\"ImageObject\",\"inLanguage\":\"en-US\",\"@id\":\"https:\/\/fondation-cnrs.org\/en\/creating-a-foundation-under-aegis\/#primaryimage\",\"url\":\"https:\/\/fondation-cnrs.org\/wp-content\/uploads\/2024\/10\/banner-page-creer-fondation-sous-egide.jpg\",\"contentUrl\":\"https:\/\/fondation-cnrs.org\/wp-content\/uploads\/2024\/10\/banner-page-creer-fondation-sous-egide.jpg\"},{\"@type\":\"BreadcrumbList\",\"@id\":\"https:\/\/fondation-cnrs.org\/en\/creating-a-foundation-under-aegis\/#breadcrumb\",\"itemListElement\":[{\"@type\":\"ListItem\",\"position\":1,\"name\":\"Home\",\"item\":\"https:\/\/fondation-cnrs.org\/en\/\"},{\"@type\":\"ListItem\",\"position\":2,\"name\":\"Creating a foundation under aegis\"}]},{\"@type\":\"WebSite\",\"@id\":\"https:\/\/fondation-cnrs.org\/en\/#website\",\"url\":\"https:\/\/fondation-cnrs.org\/en\/\",\"name\":\"CNRS Foundation\",\"description\":\"Soutenez la recherche scientifique \u00e0 son plus haut niveau gr\u00e2ce \u00e0 la Fondation CNRS, la fondation du premier centre de recherche scientifique en France et en Europe.Support scientific research at its highest level thanks to the CNRS Foundation, the foundation of the first scientific research center in France and Europe.\",\"publisher\":{\"@id\":\"https:\/\/fondation-cnrs.org\/en\/#organization\"},\"potentialAction\":[{\"@type\":\"SearchAction\",\"target\":{\"@type\":\"EntryPoint\",\"urlTemplate\":\"https:\/\/fondation-cnrs.org\/en\/?s={search_term_string}\"},\"query-input\":{\"@type\":\"PropertyValueSpecification\",\"valueRequired\":true,\"valueName\":\"search_term_string\"}}],\"inLanguage\":\"en-US\"},{\"@type\":\"Organization\",\"@id\":\"https:\/\/fondation-cnrs.org\/en\/#organization\",\"name\":\"CNRS Foundation\",\"url\":\"https:\/\/fondation-cnrs.org\/en\/\",\"logo\":{\"@type\":\"ImageObject\",\"inLanguage\":\"en-US\",\"@id\":\"https:\/\/fondation-cnrs.org\/en\/#\/schema\/logo\/image\/\",\"url\":\"https:\/\/fondation-cnrs.org\/wp-content\/uploads\/2023\/07\/logo-cnrs_fondation.png\",\"contentUrl\":\"https:\/\/fondation-cnrs.org\/wp-content\/uploads\/2023\/07\/logo-cnrs_fondation.png\",\"width\":1807,\"height\":400,\"caption\":\"CNRS Foundation\"},\"image\":{\"@id\":\"https:\/\/fondation-cnrs.org\/en\/#\/schema\/logo\/image\/\"},\"sameAs\":[\"https:\/\/fr.linkedin.com\/company\/fondation-cnrs\"]}]}<\/script>\n<!-- \/ Yoast SEO Premium plugin. -->","yoast_head_json":{"title":"Creating a foundation under the aegis of a sponsoring foundation - Fondations CNRS","description":"Creating a foundation under aegis The CNRS Foundation is a host foundation. It also offers the possibility of creating your own dedicated fund or sheltered foundation.","robots":{"index":"index","follow":"follow","max-snippet":"max-snippet:-1","max-image-preview":"max-image-preview:large","max-video-preview":"max-video-preview:-1"},"canonical":"https:\/\/fondation-cnrs.org\/en\/creating-a-foundation-under-aegis\/","og_locale":"en_US","og_type":"article","og_title":"Creating a foundation under aegis","og_description":"Creating a foundation under aegis The CNRS Foundation is a host foundation. It also offers the possibility of creating your own dedicated fund or sheltered foundation.","og_url":"https:\/\/fondation-cnrs.org\/en\/creating-a-foundation-under-aegis\/","og_site_name":"CNRS Foundation","article_modified_time":"2025-01-27T10:23:34+00:00","og_image":[{"url":"https:\/\/fondation-cnrs.org\/wp-content\/uploads\/2024\/10\/banner-page-creer-fondation-sous-egide.jpg","type":"","width":"","height":""}],"twitter_card":"summary_large_image","twitter_misc":{"Est. reading time":"2 minutes"},"schema":{"@context":"https:\/\/schema.org","@graph":[{"@type":"WebPage","@id":"https:\/\/fondation-cnrs.org\/en\/creating-a-foundation-under-aegis\/","url":"https:\/\/fondation-cnrs.org\/en\/creating-a-foundation-under-aegis\/","name":"Creating a foundation under the aegis of a sponsoring foundation - Fondations CNRS","isPartOf":{"@id":"https:\/\/fondation-cnrs.org\/en\/#website"},"primaryImageOfPage":{"@id":"https:\/\/fondation-cnrs.org\/en\/creating-a-foundation-under-aegis\/#primaryimage"},"image":{"@id":"https:\/\/fondation-cnrs.org\/en\/creating-a-foundation-under-aegis\/#primaryimage"},"thumbnailUrl":"https:\/\/fondation-cnrs.org\/wp-content\/uploads\/2024\/10\/banner-page-creer-fondation-sous-egide.jpg","datePublished":"2023-07-07T16:40:35+00:00","dateModified":"2025-01-27T10:23:34+00:00","description":"Creating a foundation under aegis The CNRS Foundation is a host foundation. It also offers the possibility of creating your own dedicated fund or sheltered foundation.","breadcrumb":{"@id":"https:\/\/fondation-cnrs.org\/en\/creating-a-foundation-under-aegis\/#breadcrumb"},"inLanguage":"en-US","potentialAction":[{"@type":"ReadAction","target":["https:\/\/fondation-cnrs.org\/en\/creating-a-foundation-under-aegis\/"]}]},{"@type":"ImageObject","inLanguage":"en-US","@id":"https:\/\/fondation-cnrs.org\/en\/creating-a-foundation-under-aegis\/#primaryimage","url":"https:\/\/fondation-cnrs.org\/wp-content\/uploads\/2024\/10\/banner-page-creer-fondation-sous-egide.jpg","contentUrl":"https:\/\/fondation-cnrs.org\/wp-content\/uploads\/2024\/10\/banner-page-creer-fondation-sous-egide.jpg"},{"@type":"BreadcrumbList","@id":"https:\/\/fondation-cnrs.org\/en\/creating-a-foundation-under-aegis\/#breadcrumb","itemListElement":[{"@type":"ListItem","position":1,"name":"Home","item":"https:\/\/fondation-cnrs.org\/en\/"},{"@type":"ListItem","position":2,"name":"Creating a foundation under aegis"}]},{"@type":"WebSite","@id":"https:\/\/fondation-cnrs.org\/en\/#website","url":"https:\/\/fondation-cnrs.org\/en\/","name":"CNRS Foundation","description":"Soutenez la recherche scientifique \u00e0 son plus haut niveau gr\u00e2ce \u00e0 la Fondation CNRS, la fondation du premier centre de recherche scientifique en France et en Europe.Support scientific research at its highest level thanks to the CNRS Foundation, the foundation of the first scientific research center in France and Europe.","publisher":{"@id":"https:\/\/fondation-cnrs.org\/en\/#organization"},"potentialAction":[{"@type":"SearchAction","target":{"@type":"EntryPoint","urlTemplate":"https:\/\/fondation-cnrs.org\/en\/?s={search_term_string}"},"query-input":{"@type":"PropertyValueSpecification","valueRequired":true,"valueName":"search_term_string"}}],"inLanguage":"en-US"},{"@type":"Organization","@id":"https:\/\/fondation-cnrs.org\/en\/#organization","name":"CNRS Foundation","url":"https:\/\/fondation-cnrs.org\/en\/","logo":{"@type":"ImageObject","inLanguage":"en-US","@id":"https:\/\/fondation-cnrs.org\/en\/#\/schema\/logo\/image\/","url":"https:\/\/fondation-cnrs.org\/wp-content\/uploads\/2023\/07\/logo-cnrs_fondation.png","contentUrl":"https:\/\/fondation-cnrs.org\/wp-content\/uploads\/2023\/07\/logo-cnrs_fondation.png","width":1807,"height":400,"caption":"CNRS Foundation"},"image":{"@id":"https:\/\/fondation-cnrs.org\/en\/#\/schema\/logo\/image\/"},"sameAs":["https:\/\/fr.linkedin.com\/company\/fondation-cnrs"]}]}},"_links":{"self":[{"href":"https:\/\/fondation-cnrs.org\/en\/wp-json\/wp\/v2\/pages\/14072","targetHints":{"allow":["GET"]}}],"collection":[{"href":"https:\/\/fondation-cnrs.org\/en\/wp-json\/wp\/v2\/pages"}],"about":[{"href":"https:\/\/fondation-cnrs.org\/en\/wp-json\/wp\/v2\/types\/page"}],"author":[{"embeddable":true,"href":"https:\/\/fondation-cnrs.org\/en\/wp-json\/wp\/v2\/users\/1"}],"replies":[{"embeddable":true,"href":"https:\/\/fondation-cnrs.org\/en\/wp-json\/wp\/v2\/comments?post=14072"}],"version-history":[{"count":0,"href":"https:\/\/fondation-cnrs.org\/en\/wp-json\/wp\/v2\/pages\/14072\/revisions"}],"wp:attachment":[{"href":"https:\/\/fondation-cnrs.org\/en\/wp-json\/wp\/v2\/media?parent=14072"}],"curies":[{"name":"wp","href":"https:\/\/api.w.org\/{rel}","templated":true}]}}