{"id":14066,"date":"2023-07-06T20:43:36","date_gmt":"2023-07-06T18:43:36","guid":{"rendered":"https:\/\/fondation-cnrs.org\/manifesto\/"},"modified":"2025-01-21T20:25:21","modified_gmt":"2025-01-21T18:25:21","slug":"manifesto1","status":"publish","type":"page","link":"https:\/\/fondation-cnrs.org\/en\/manifesto1\/","title":{"rendered":"Manifesto"},"content":{"rendered":"\t\t<div data-elementor-type=\"wp-page\" data-elementor-id=\"14066\" class=\"elementor elementor-14066 elementor-539\" data-elementor-settings=\"{&quot;ha_cmc_init_switcher&quot;:&quot;no&quot;}\" data-elementor-post-type=\"page\">\n\t\t\t\t\t\t<section class=\"elementor-section elementor-top-section elementor-element elementor-element-4e71e66 elementor-section-full_width elementor-section-height-default elementor-section-height-default\" data-id=\"4e71e66\" data-element_type=\"section\" data-settings=\"{&quot;_ha_eqh_enable&quot;:false}\">\n\t\t\t\t\t\t<div class=\"elementor-container elementor-column-gap-default\">\n\t\t\t\t\t<div class=\"elementor-column elementor-col-100 elementor-top-column elementor-element elementor-element-11a7b9c\" data-id=\"11a7b9c\" data-element_type=\"column\">\n\t\t\t<div class=\"elementor-widget-wrap elementor-element-populated\">\n\t\t\t\t\t\t<div class=\"elementor-element elementor-element-a39d077 elementor-widget elementor-widget-image\" data-id=\"a39d077\" data-element_type=\"widget\" data-widget_type=\"image.default\">\n\t\t\t\t<div class=\"elementor-widget-container\">\n\t\t\t\t\t\t\t\t\t\t\t\t\t\t\t<img fetchpriority=\"high\" decoding=\"async\" width=\"1440\" height=\"600\" src=\"https:\/\/fondation-cnrs.org\/wp-content\/uploads\/2024\/10\/banner-page-manifesto-1.jpg\" class=\"attachment-full size-full wp-image-14033\" alt=\"\" srcset=\"https:\/\/fondation-cnrs.org\/wp-content\/uploads\/2024\/10\/banner-page-manifesto-1.jpg 1440w, https:\/\/fondation-cnrs.org\/wp-content\/uploads\/2024\/10\/banner-page-manifesto-1-300x125.jpg 300w, https:\/\/fondation-cnrs.org\/wp-content\/uploads\/2024\/10\/banner-page-manifesto-1-1024x427.jpg 1024w, https:\/\/fondation-cnrs.org\/wp-content\/uploads\/2024\/10\/banner-page-manifesto-1-768x320.jpg 768w\" sizes=\"(max-width: 1440px) 100vw, 1440px\" \/>\t\t\t\t\t\t\t\t\t\t\t\t\t\t\t<\/div>\n\t\t\t\t<\/div>\n\t\t\t\t<section class=\"elementor-section elementor-inner-section elementor-element elementor-element-1feb6fb elementor-section-full_width setAbsolute elementor-section-height-default elementor-section-height-default\" data-id=\"1feb6fb\" data-element_type=\"section\" data-settings=\"{&quot;_ha_eqh_enable&quot;:false}\">\n\t\t\t\t\t\t<div class=\"elementor-container elementor-column-gap-default\">\n\t\t\t\t\t<div class=\"elementor-column elementor-col-50 elementor-inner-column elementor-element elementor-element-1f9bbab col-citation\" data-id=\"1f9bbab\" data-element_type=\"column\" data-settings=\"{&quot;background_background&quot;:&quot;classic&quot;}\">\n\t\t\t<div class=\"elementor-widget-wrap elementor-element-populated\">\n\t\t\t\t\t\t<div class=\"elementor-element elementor-element-7bd205a elementor-widget elementor-widget-heading\" data-id=\"7bd205a\" data-element_type=\"widget\" data-settings=\"{&quot;_animation&quot;:&quot;none&quot;}\" data-widget_type=\"heading.default\">\n\t\t\t\t<div class=\"elementor-widget-container\">\n\t\t\t\t\t<h1 class=\"elementor-heading-title elementor-size-default\">Manifesto<\/h1>\t\t\t\t<\/div>\n\t\t\t\t<\/div>\n\t\t\t\t<div class=\"elementor-element elementor-element-3e5aad6 elementor-widget elementor-widget-text-editor\" data-id=\"3e5aad6\" data-element_type=\"widget\" data-widget_type=\"text-editor.default\">\n\t\t\t\t<div class=\"elementor-widget-container\">\n\t\t\t\t\t\t\t\t\t<p>Our vision<\/p>\t\t\t\t\t\t\t\t<\/div>\n\t\t\t\t<\/div>\n\t\t\t\t\t<\/div>\n\t\t<\/div>\n\t\t\t\t<div class=\"elementor-column elementor-col-50 elementor-inner-column elementor-element elementor-element-556ecf3\" data-id=\"556ecf3\" data-element_type=\"column\">\n\t\t\t<div class=\"elementor-widget-wrap\">\n\t\t\t\t\t\t\t<\/div>\n\t\t<\/div>\n\t\t\t\t\t<\/div>\n\t\t<\/section>\n\t\t\t\t\t<\/div>\n\t\t<\/div>\n\t\t\t\t\t<\/div>\n\t\t<\/section>\n\t\t\t\t<section class=\"elementor-section elementor-top-section elementor-element elementor-element-99da9e7 elementor-section-full_width elementor-section-height-default elementor-section-height-default\" data-id=\"99da9e7\" data-element_type=\"section\" data-settings=\"{&quot;background_background&quot;:&quot;classic&quot;,&quot;_ha_eqh_enable&quot;:false}\">\n\t\t\t\t\t\t<div class=\"elementor-container elementor-column-gap-default\">\n\t\t\t\t\t<div class=\"elementor-column elementor-col-100 elementor-top-column elementor-element elementor-element-03ec0f7\" data-id=\"03ec0f7\" data-element_type=\"column\">\n\t\t\t<div class=\"elementor-widget-wrap elementor-element-populated\">\n\t\t\t\t\t\t<div class=\"elementor-element elementor-element-587dff2 elementor-widget elementor-widget-text-editor\" data-id=\"587dff2\" data-element_type=\"widget\" data-widget_type=\"text-editor.default\">\n\t\t\t\t<div class=\"elementor-widget-container\">\n\t\t\t\t\t\t\t\t\t<p><span style=\"font-weight: 400;\">Concentrating on its mission to fund research and the development of knowledge, the CNRS Foundation places a sustainable world and the conservation of life on earth at the heart of its concerns. It cannot finance actions that run counter to these goals.<\/span><\/p><p><strong>The CNRS Foundation:\u00a0<\/strong><\/p><ul><li><span style=\"font-weight: 400;\">Benefits from the multidisciplinary expertise of the CNRS and its research staff. It thus has access to the most recent knowledge in all areas of research and can best guide its donors in their desire to support the cause they advocate.<\/span><\/li><li>Can draw on the advice of the CNRS Ethics Committee. As an independent organisation, the CNRS Foundation does not use the funds raised to finance so-called leadership structures, coalitions or any other mechanism that aims to exist for its own sake without any proven added value in terms of defending its stated causes.<\/li><li>The CNRS Foundation team supports the scientific projects in a spirit of service and responsiveness. The team shares its expertise with the foundations hosted by the CNRS Foundation.<\/li><li>Is keen to keep its operating costs low and is careful to limit its mandatory overheads (bank, insurance, accounting, statutory auditors, etc.).<\/li><\/ul>\t\t\t\t\t\t\t\t<\/div>\n\t\t\t\t<\/div>\n\t\t\t\t\t<\/div>\n\t\t<\/div>\n\t\t\t\t\t<\/div>\n\t\t<\/section>\n\t\t\t\t<\/div>\n\t\t","protected":false},"excerpt":{"rendered":"<p>Manifesto Our vision Concentrating on its mission to fund research and the development of knowledge, the CNRS Foundation places a sustainable world and the conservation of life on earth at the heart of its concerns. It cannot finance actions that run counter to these goals. The CNRS Foundation:\u00a0 Benefits from the multidisciplinary expertise of the [&hellip;]<\/p>\n","protected":false},"author":1,"featured_media":0,"parent":0,"menu_order":0,"comment_status":"closed","ping_status":"closed","template":"elementor_header_footer","meta":{"_acf_changed":false,"inline_featured_image":false,"footnotes":""},"class_list":["post-14066","page","type-page","status-publish","hentry"],"acf":[],"yoast_head":"<!-- This site is optimized with the Yoast SEO Premium plugin v25.9 (Yoast SEO v25.9) - https:\/\/yoast.com\/wordpress\/plugins\/seo\/ -->\n<title>Manifesto - CNRS Foundation<\/title>\n<meta name=\"description\" content=\"Manifesto\" \/>\n<meta name=\"robots\" content=\"index, follow, max-snippet:-1, max-image-preview:large, max-video-preview:-1\" \/>\n<link rel=\"canonical\" href=\"https:\/\/fondation-cnrs.org\/en\/manifesto1\/\" \/>\n<meta property=\"og:locale\" content=\"en_US\" \/>\n<meta property=\"og:type\" content=\"article\" \/>\n<meta property=\"og:title\" content=\"Manifesto\" \/>\n<meta property=\"og:description\" content=\"Manifesto\" \/>\n<meta property=\"og:url\" content=\"https:\/\/fondation-cnrs.org\/en\/manifesto1\/\" \/>\n<meta property=\"og:site_name\" content=\"CNRS Foundation\" \/>\n<meta property=\"article:modified_time\" content=\"2025-01-21T18:25:21+00:00\" \/>\n<meta property=\"og:image\" content=\"https:\/\/fondation-cnrs.org\/wp-content\/uploads\/2024\/10\/banner-page-manifesto-1.jpg\" \/>\n<meta name=\"twitter:card\" content=\"summary_large_image\" \/>\n<meta name=\"twitter:label1\" content=\"Est. reading time\" \/>\n\t<meta name=\"twitter:data1\" content=\"2 minutes\" \/>\n<script type=\"application\/ld+json\" class=\"yoast-schema-graph\">{\"@context\":\"https:\/\/schema.org\",\"@graph\":[{\"@type\":\"WebPage\",\"@id\":\"https:\/\/fondation-cnrs.org\/en\/manifesto1\/\",\"url\":\"https:\/\/fondation-cnrs.org\/en\/manifesto1\/\",\"name\":\"Manifesto - CNRS Foundation\",\"isPartOf\":{\"@id\":\"https:\/\/fondation-cnrs.org\/en\/#website\"},\"primaryImageOfPage\":{\"@id\":\"https:\/\/fondation-cnrs.org\/en\/manifesto1\/#primaryimage\"},\"image\":{\"@id\":\"https:\/\/fondation-cnrs.org\/en\/manifesto1\/#primaryimage\"},\"thumbnailUrl\":\"https:\/\/fondation-cnrs.org\/wp-content\/uploads\/2024\/10\/banner-page-manifesto-1.jpg\",\"datePublished\":\"2023-07-06T18:43:36+00:00\",\"dateModified\":\"2025-01-21T18:25:21+00:00\",\"description\":\"Manifesto\",\"breadcrumb\":{\"@id\":\"https:\/\/fondation-cnrs.org\/en\/manifesto1\/#breadcrumb\"},\"inLanguage\":\"en-US\",\"potentialAction\":[{\"@type\":\"ReadAction\",\"target\":[\"https:\/\/fondation-cnrs.org\/en\/manifesto1\/\"]}]},{\"@type\":\"ImageObject\",\"inLanguage\":\"en-US\",\"@id\":\"https:\/\/fondation-cnrs.org\/en\/manifesto1\/#primaryimage\",\"url\":\"https:\/\/fondation-cnrs.org\/wp-content\/uploads\/2024\/10\/banner-page-manifesto-1.jpg\",\"contentUrl\":\"https:\/\/fondation-cnrs.org\/wp-content\/uploads\/2024\/10\/banner-page-manifesto-1.jpg\"},{\"@type\":\"BreadcrumbList\",\"@id\":\"https:\/\/fondation-cnrs.org\/en\/manifesto1\/#breadcrumb\",\"itemListElement\":[{\"@type\":\"ListItem\",\"position\":1,\"name\":\"Home\",\"item\":\"https:\/\/fondation-cnrs.org\/en\/\"},{\"@type\":\"ListItem\",\"position\":2,\"name\":\"Manifesto\"}]},{\"@type\":\"WebSite\",\"@id\":\"https:\/\/fondation-cnrs.org\/en\/#website\",\"url\":\"https:\/\/fondation-cnrs.org\/en\/\",\"name\":\"CNRS Foundation\",\"description\":\"Soutenez la recherche scientifique \u00e0 son plus haut niveau gr\u00e2ce \u00e0 la Fondation CNRS, la fondation du premier centre de recherche scientifique en France et en Europe.Support scientific research at its highest level thanks to the CNRS Foundation, the foundation of the first scientific research center in France and Europe.\",\"publisher\":{\"@id\":\"https:\/\/fondation-cnrs.org\/en\/#organization\"},\"potentialAction\":[{\"@type\":\"SearchAction\",\"target\":{\"@type\":\"EntryPoint\",\"urlTemplate\":\"https:\/\/fondation-cnrs.org\/en\/?s={search_term_string}\"},\"query-input\":{\"@type\":\"PropertyValueSpecification\",\"valueRequired\":true,\"valueName\":\"search_term_string\"}}],\"inLanguage\":\"en-US\"},{\"@type\":\"Organization\",\"@id\":\"https:\/\/fondation-cnrs.org\/en\/#organization\",\"name\":\"CNRS Foundation\",\"url\":\"https:\/\/fondation-cnrs.org\/en\/\",\"logo\":{\"@type\":\"ImageObject\",\"inLanguage\":\"en-US\",\"@id\":\"https:\/\/fondation-cnrs.org\/en\/#\/schema\/logo\/image\/\",\"url\":\"https:\/\/fondation-cnrs.org\/wp-content\/uploads\/2023\/07\/logo-cnrs_fondation.png\",\"contentUrl\":\"https:\/\/fondation-cnrs.org\/wp-content\/uploads\/2023\/07\/logo-cnrs_fondation.png\",\"width\":1807,\"height\":400,\"caption\":\"CNRS Foundation\"},\"image\":{\"@id\":\"https:\/\/fondation-cnrs.org\/en\/#\/schema\/logo\/image\/\"},\"sameAs\":[\"https:\/\/fr.linkedin.com\/company\/fondation-cnrs\"]}]}<\/script>\n<!-- \/ Yoast SEO Premium plugin. -->","yoast_head_json":{"title":"Manifesto - CNRS Foundation","description":"Manifesto","robots":{"index":"index","follow":"follow","max-snippet":"max-snippet:-1","max-image-preview":"max-image-preview:large","max-video-preview":"max-video-preview:-1"},"canonical":"https:\/\/fondation-cnrs.org\/en\/manifesto1\/","og_locale":"en_US","og_type":"article","og_title":"Manifesto","og_description":"Manifesto","og_url":"https:\/\/fondation-cnrs.org\/en\/manifesto1\/","og_site_name":"CNRS Foundation","article_modified_time":"2025-01-21T18:25:21+00:00","og_image":[{"url":"https:\/\/fondation-cnrs.org\/wp-content\/uploads\/2024\/10\/banner-page-manifesto-1.jpg","type":"","width":"","height":""}],"twitter_card":"summary_large_image","twitter_misc":{"Est. reading time":"2 minutes"},"schema":{"@context":"https:\/\/schema.org","@graph":[{"@type":"WebPage","@id":"https:\/\/fondation-cnrs.org\/en\/manifesto1\/","url":"https:\/\/fondation-cnrs.org\/en\/manifesto1\/","name":"Manifesto - CNRS Foundation","isPartOf":{"@id":"https:\/\/fondation-cnrs.org\/en\/#website"},"primaryImageOfPage":{"@id":"https:\/\/fondation-cnrs.org\/en\/manifesto1\/#primaryimage"},"image":{"@id":"https:\/\/fondation-cnrs.org\/en\/manifesto1\/#primaryimage"},"thumbnailUrl":"https:\/\/fondation-cnrs.org\/wp-content\/uploads\/2024\/10\/banner-page-manifesto-1.jpg","datePublished":"2023-07-06T18:43:36+00:00","dateModified":"2025-01-21T18:25:21+00:00","description":"Manifesto","breadcrumb":{"@id":"https:\/\/fondation-cnrs.org\/en\/manifesto1\/#breadcrumb"},"inLanguage":"en-US","potentialAction":[{"@type":"ReadAction","target":["https:\/\/fondation-cnrs.org\/en\/manifesto1\/"]}]},{"@type":"ImageObject","inLanguage":"en-US","@id":"https:\/\/fondation-cnrs.org\/en\/manifesto1\/#primaryimage","url":"https:\/\/fondation-cnrs.org\/wp-content\/uploads\/2024\/10\/banner-page-manifesto-1.jpg","contentUrl":"https:\/\/fondation-cnrs.org\/wp-content\/uploads\/2024\/10\/banner-page-manifesto-1.jpg"},{"@type":"BreadcrumbList","@id":"https:\/\/fondation-cnrs.org\/en\/manifesto1\/#breadcrumb","itemListElement":[{"@type":"ListItem","position":1,"name":"Home","item":"https:\/\/fondation-cnrs.org\/en\/"},{"@type":"ListItem","position":2,"name":"Manifesto"}]},{"@type":"WebSite","@id":"https:\/\/fondation-cnrs.org\/en\/#website","url":"https:\/\/fondation-cnrs.org\/en\/","name":"CNRS Foundation","description":"Soutenez la recherche scientifique \u00e0 son plus haut niveau gr\u00e2ce \u00e0 la Fondation CNRS, la fondation du premier centre de recherche scientifique en France et en Europe.Support scientific research at its highest level thanks to the CNRS Foundation, the foundation of the first scientific research center in France and Europe.","publisher":{"@id":"https:\/\/fondation-cnrs.org\/en\/#organization"},"potentialAction":[{"@type":"SearchAction","target":{"@type":"EntryPoint","urlTemplate":"https:\/\/fondation-cnrs.org\/en\/?s={search_term_string}"},"query-input":{"@type":"PropertyValueSpecification","valueRequired":true,"valueName":"search_term_string"}}],"inLanguage":"en-US"},{"@type":"Organization","@id":"https:\/\/fondation-cnrs.org\/en\/#organization","name":"CNRS Foundation","url":"https:\/\/fondation-cnrs.org\/en\/","logo":{"@type":"ImageObject","inLanguage":"en-US","@id":"https:\/\/fondation-cnrs.org\/en\/#\/schema\/logo\/image\/","url":"https:\/\/fondation-cnrs.org\/wp-content\/uploads\/2023\/07\/logo-cnrs_fondation.png","contentUrl":"https:\/\/fondation-cnrs.org\/wp-content\/uploads\/2023\/07\/logo-cnrs_fondation.png","width":1807,"height":400,"caption":"CNRS Foundation"},"image":{"@id":"https:\/\/fondation-cnrs.org\/en\/#\/schema\/logo\/image\/"},"sameAs":["https:\/\/fr.linkedin.com\/company\/fondation-cnrs"]}]}},"_links":{"self":[{"href":"https:\/\/fondation-cnrs.org\/en\/wp-json\/wp\/v2\/pages\/14066","targetHints":{"allow":["GET"]}}],"collection":[{"href":"https:\/\/fondation-cnrs.org\/en\/wp-json\/wp\/v2\/pages"}],"about":[{"href":"https:\/\/fondation-cnrs.org\/en\/wp-json\/wp\/v2\/types\/page"}],"author":[{"embeddable":true,"href":"https:\/\/fondation-cnrs.org\/en\/wp-json\/wp\/v2\/users\/1"}],"replies":[{"embeddable":true,"href":"https:\/\/fondation-cnrs.org\/en\/wp-json\/wp\/v2\/comments?post=14066"}],"version-history":[{"count":0,"href":"https:\/\/fondation-cnrs.org\/en\/wp-json\/wp\/v2\/pages\/14066\/revisions"}],"wp:attachment":[{"href":"https:\/\/fondation-cnrs.org\/en\/wp-json\/wp\/v2\/media?parent=14066"}],"curies":[{"name":"wp","href":"https:\/\/api.w.org\/{rel}","templated":true}]}}