{"id":14062,"date":"2023-07-06T17:25:52","date_gmt":"2023-07-06T15:25:52","guid":{"rendered":"https:\/\/fondation-cnrs.org\/cnrs-in-figures\/"},"modified":"2025-01-27T12:08:14","modified_gmt":"2025-01-27T10:08:14","slug":"cnrs-in-figures","status":"publish","type":"page","link":"https:\/\/fondation-cnrs.org\/en\/cnrs-in-figures\/","title":{"rendered":"CNRS in figures"},"content":{"rendered":"\t\t<div data-elementor-type=\"wp-page\" data-elementor-id=\"14062\" class=\"elementor elementor-14062 elementor-237\" data-elementor-settings=\"{&quot;ha_cmc_init_switcher&quot;:&quot;no&quot;}\" data-elementor-post-type=\"page\">\n\t\t\t\t\t\t<section class=\"elementor-section elementor-top-section elementor-element elementor-element-4e71e66 elementor-section-full_width elementor-section-height-default elementor-section-height-default\" data-id=\"4e71e66\" data-element_type=\"section\" data-settings=\"{&quot;_ha_eqh_enable&quot;:false}\">\n\t\t\t\t\t\t<div class=\"elementor-container elementor-column-gap-default\">\n\t\t\t\t\t<div class=\"elementor-column elementor-col-100 elementor-top-column elementor-element elementor-element-11a7b9c\" data-id=\"11a7b9c\" data-element_type=\"column\">\n\t\t\t<div class=\"elementor-widget-wrap elementor-element-populated\">\n\t\t\t\t\t\t<div class=\"elementor-element elementor-element-a39d077 elementor-widget elementor-widget-image\" data-id=\"a39d077\" data-element_type=\"widget\" data-widget_type=\"image.default\">\n\t\t\t\t<div class=\"elementor-widget-container\">\n\t\t\t\t\t\t\t\t\t\t\t\t\t\t\t<img fetchpriority=\"high\" decoding=\"async\" width=\"1440\" height=\"600\" src=\"https:\/\/fondation-cnrs.org\/wp-content\/uploads\/2024\/10\/banner-page-cnrs-chiffres.jpg\" class=\"attachment-full size-full wp-image-13996\" alt=\"\" srcset=\"https:\/\/fondation-cnrs.org\/wp-content\/uploads\/2024\/10\/banner-page-cnrs-chiffres.jpg 1440w, https:\/\/fondation-cnrs.org\/wp-content\/uploads\/2024\/10\/banner-page-cnrs-chiffres-300x125.jpg 300w, https:\/\/fondation-cnrs.org\/wp-content\/uploads\/2024\/10\/banner-page-cnrs-chiffres-1024x427.jpg 1024w, https:\/\/fondation-cnrs.org\/wp-content\/uploads\/2024\/10\/banner-page-cnrs-chiffres-768x320.jpg 768w\" sizes=\"(max-width: 1440px) 100vw, 1440px\" \/>\t\t\t\t\t\t\t\t\t\t\t\t\t\t\t<\/div>\n\t\t\t\t<\/div>\n\t\t\t\t<section class=\"elementor-section elementor-inner-section elementor-element elementor-element-1feb6fb elementor-section-full_width setAbsolute elementor-section-height-default elementor-section-height-default\" data-id=\"1feb6fb\" data-element_type=\"section\" data-settings=\"{&quot;_ha_eqh_enable&quot;:false}\">\n\t\t\t\t\t\t<div class=\"elementor-container elementor-column-gap-default\">\n\t\t\t\t\t<div class=\"elementor-column elementor-col-50 elementor-inner-column elementor-element elementor-element-1f9bbab col-citation\" data-id=\"1f9bbab\" data-element_type=\"column\" data-settings=\"{&quot;background_background&quot;:&quot;classic&quot;}\">\n\t\t\t<div class=\"elementor-widget-wrap elementor-element-populated\">\n\t\t\t\t\t\t<div class=\"elementor-element elementor-element-7bd205a elementor-widget elementor-widget-heading\" data-id=\"7bd205a\" data-element_type=\"widget\" data-settings=\"{&quot;_animation&quot;:&quot;none&quot;}\" data-widget_type=\"heading.default\">\n\t\t\t\t<div class=\"elementor-widget-container\">\n\t\t\t\t\t<h1 class=\"elementor-heading-title elementor-size-default\">CNRS in numbers<\/h1>\t\t\t\t<\/div>\n\t\t\t\t<\/div>\n\t\t\t\t<div class=\"elementor-element elementor-element-3e5aad6 elementor-widget elementor-widget-text-editor\" data-id=\"3e5aad6\" data-element_type=\"widget\" data-widget_type=\"text-editor.default\">\n\t\t\t\t<div class=\"elementor-widget-container\">\n\t\t\t\t\t\t\t\t\t<p>Key Figures<\/p>\t\t\t\t\t\t\t\t<\/div>\n\t\t\t\t<\/div>\n\t\t\t\t\t<\/div>\n\t\t<\/div>\n\t\t\t\t<div class=\"elementor-column elementor-col-50 elementor-inner-column elementor-element elementor-element-556ecf3\" data-id=\"556ecf3\" data-element_type=\"column\">\n\t\t\t<div class=\"elementor-widget-wrap\">\n\t\t\t\t\t\t\t<\/div>\n\t\t<\/div>\n\t\t\t\t\t<\/div>\n\t\t<\/section>\n\t\t\t\t\t<\/div>\n\t\t<\/div>\n\t\t\t\t\t<\/div>\n\t\t<\/section>\n\t\t\t\t<section class=\"elementor-section elementor-top-section elementor-element elementor-element-99da9e7 elementor-section-full_width elementor-section-height-default elementor-section-height-default\" data-id=\"99da9e7\" data-element_type=\"section\" data-settings=\"{&quot;background_background&quot;:&quot;classic&quot;,&quot;_ha_eqh_enable&quot;:false}\">\n\t\t\t\t\t\t<div class=\"elementor-container elementor-column-gap-default\">\n\t\t\t\t\t<div class=\"elementor-column elementor-col-100 elementor-top-column elementor-element elementor-element-03ec0f7\" data-id=\"03ec0f7\" data-element_type=\"column\">\n\t\t\t<div class=\"elementor-widget-wrap elementor-element-populated\">\n\t\t\t\t\t\t<div class=\"elementor-element elementor-element-399e11d elementor-widget__width-initial elementor-widget elementor-widget-text-editor\" data-id=\"399e11d\" data-element_type=\"widget\" data-widget_type=\"text-editor.default\">\n\t\t\t\t<div class=\"elementor-widget-container\">\n\t\t\t\t\t\t\t\t\t<p><span style=\"font-weight: 400;\">The CNRS is a national research organisation established throughout the country. <\/span><\/p><p><span style=\"font-weight: 400;\">Today, it is the largest public research body in Europe and the second largest in the world.<\/span><\/p>\t\t\t\t\t\t\t\t<\/div>\n\t\t\t\t<\/div>\n\t\t\t\t\t<\/div>\n\t\t<\/div>\n\t\t\t\t\t<\/div>\n\t\t<\/section>\n\t\t\t\t<section class=\"elementor-section elementor-top-section elementor-element elementor-element-bc9e25c elementor-section-full_width elementor-section-height-default elementor-section-height-default\" data-id=\"bc9e25c\" data-element_type=\"section\" data-settings=\"{&quot;_ha_eqh_enable&quot;:false}\">\n\t\t\t\t\t\t<div class=\"elementor-container elementor-column-gap-default\">\n\t\t\t\t\t<div class=\"elementor-column elementor-col-100 elementor-top-column elementor-element elementor-element-27e7b49\" data-id=\"27e7b49\" data-element_type=\"column\">\n\t\t\t<div class=\"elementor-widget-wrap elementor-element-populated\">\n\t\t\t\t\t\t<div class=\"elementor-element elementor-element-cc25708 elementor-widget-divider--view-line elementor-widget elementor-widget-divider\" data-id=\"cc25708\" data-element_type=\"widget\" data-widget_type=\"divider.default\">\n\t\t\t\t<div class=\"elementor-widget-container\">\n\t\t\t\t\t\t\t<div class=\"elementor-divider\">\n\t\t\t<span class=\"elementor-divider-separator\">\n\t\t\t\t\t\t<\/span>\n\t\t<\/div>\n\t\t\t\t\t\t<\/div>\n\t\t\t\t<\/div>\n\t\t\t\t\t<\/div>\n\t\t<\/div>\n\t\t\t\t\t<\/div>\n\t\t<\/section>\n\t\t\t\t<section class=\"elementor-section elementor-top-section elementor-element elementor-element-87c89f6 elementor-section-boxed elementor-section-height-default elementor-section-height-default\" data-id=\"87c89f6\" data-element_type=\"section\" data-settings=\"{&quot;_ha_eqh_enable&quot;:false}\">\n\t\t\t\t\t\t<div class=\"elementor-container elementor-column-gap-default\">\n\t\t\t\t\t<div class=\"elementor-column elementor-col-100 elementor-top-column elementor-element elementor-element-7dbb20c\" data-id=\"7dbb20c\" data-element_type=\"column\">\n\t\t\t<div class=\"elementor-widget-wrap elementor-element-populated\">\n\t\t\t\t\t\t<section class=\"elementor-section elementor-inner-section elementor-element elementor-element-d9ddc6d elementor-section-boxed elementor-section-height-default elementor-section-height-default\" data-id=\"d9ddc6d\" data-element_type=\"section\" data-settings=\"{&quot;_ha_eqh_enable&quot;:false}\">\n\t\t\t\t\t\t<div class=\"elementor-container elementor-column-gap-default\">\n\t\t\t\t\t<div class=\"elementor-column elementor-col-100 elementor-inner-column elementor-element elementor-element-f0285b9\" data-id=\"f0285b9\" data-element_type=\"column\">\n\t\t\t<div class=\"elementor-widget-wrap elementor-element-populated\">\n\t\t\t\t\t\t<div class=\"elementor-element elementor-element-80f82c0 elementor-widget elementor-widget-text-editor\" data-id=\"80f82c0\" data-element_type=\"widget\" data-widget_type=\"text-editor.default\">\n\t\t\t\t<div class=\"elementor-widget-container\">\n\t\t\t\t\t\t\t\t\t<p><span style=\"font-weight: 400;\">To maintain this ranking means enabling the innovation of tomorrow and contributing to the national leading role in scientific advancement by ensuring the excellence of research.<\/span><\/p>\t\t\t\t\t\t\t\t<\/div>\n\t\t\t\t<\/div>\n\t\t\t\t\t<\/div>\n\t\t<\/div>\n\t\t\t\t\t<\/div>\n\t\t<\/section>\n\t\t\t\t<section class=\"elementor-section elementor-inner-section elementor-element elementor-element-b7a82ab elementor-section-content-middle elementor-section-boxed elementor-section-height-default elementor-section-height-default\" data-id=\"b7a82ab\" data-element_type=\"section\" data-settings=\"{&quot;_ha_eqh_enable&quot;:false}\">\n\t\t\t\t\t\t<div class=\"elementor-container elementor-column-gap-default\">\n\t\t\t\t\t<div class=\"elementor-column elementor-col-33 elementor-inner-column elementor-element elementor-element-99f57f0\" data-id=\"99f57f0\" data-element_type=\"column\">\n\t\t\t<div class=\"elementor-widget-wrap elementor-element-populated\">\n\t\t\t\t\t\t<div class=\"elementor-element elementor-element-4844575 counter elementor-widget elementor-widget-counter\" data-id=\"4844575\" data-element_type=\"widget\" data-widget_type=\"counter.default\">\n\t\t\t\t<div class=\"elementor-widget-container\">\n\t\t\t\t\t\t\t<div class=\"elementor-counter\">\n\t\t\t<div class=\"elementor-counter-title\"><br> largest research organisation in the world<\/div>\t\t\t<div class=\"elementor-counter-number-wrapper\">\n\t\t\t\t<span class=\"elementor-counter-number-prefix\"><\/span>\n\t\t\t\t<span class=\"elementor-counter-number\" data-duration=\"2000\" data-to-value=\"2\" data-from-value=\"0\" data-delimiter=\",\">0<\/span>\n\t\t\t\t<span class=\"elementor-counter-number-suffix\">e<\/span>\n\t\t\t<\/div>\n\t\t<\/div>\n\t\t\t\t\t\t<\/div>\n\t\t\t\t<\/div>\n\t\t\t\t\t<\/div>\n\t\t<\/div>\n\t\t\t\t<div class=\"elementor-column elementor-col-33 elementor-inner-column elementor-element elementor-element-8c25763\" data-id=\"8c25763\" data-element_type=\"column\">\n\t\t\t<div class=\"elementor-widget-wrap elementor-element-populated\">\n\t\t\t\t\t\t<div class=\"elementor-element elementor-element-a3d2ee2 counter elementor-widget elementor-widget-counter\" data-id=\"a3d2ee2\" data-element_type=\"widget\" data-widget_type=\"counter.default\">\n\t\t\t\t<div class=\"elementor-widget-container\">\n\t\t\t\t\t\t\t<div class=\"elementor-counter\">\n\t\t\t<div class=\"elementor-counter-title\"><br> laboratories accross France<\/div>\t\t\t<div class=\"elementor-counter-number-wrapper\">\n\t\t\t\t<span class=\"elementor-counter-number-prefix\"><\/span>\n\t\t\t\t<span class=\"elementor-counter-number\" data-duration=\"2000\" data-to-value=\"1100\" data-from-value=\"0\" data-delimiter=\" \">0<\/span>\n\t\t\t\t<span class=\"elementor-counter-number-suffix\"><\/span>\n\t\t\t<\/div>\n\t\t<\/div>\n\t\t\t\t\t\t<\/div>\n\t\t\t\t<\/div>\n\t\t\t\t\t<\/div>\n\t\t<\/div>\n\t\t\t\t<div class=\"elementor-column elementor-col-33 elementor-inner-column elementor-element elementor-element-d3ecef2 elementor-hidden-tablet elementor-hidden-mobile_extra elementor-hidden-mobile\" data-id=\"d3ecef2\" data-element_type=\"column\">\n\t\t\t<div class=\"elementor-widget-wrap\">\n\t\t\t\t\t\t\t<\/div>\n\t\t<\/div>\n\t\t\t\t\t<\/div>\n\t\t<\/section>\n\t\t\t\t<div class=\"elementor-element elementor-element-777d847 elementor-widget elementor-widget-spacer\" data-id=\"777d847\" data-element_type=\"widget\" data-widget_type=\"spacer.default\">\n\t\t\t\t<div class=\"elementor-widget-container\">\n\t\t\t\t\t\t\t<div class=\"elementor-spacer\">\n\t\t\t<div class=\"elementor-spacer-inner\"><\/div>\n\t\t<\/div>\n\t\t\t\t\t\t<\/div>\n\t\t\t\t<\/div>\n\t\t\t\t<div class=\"elementor-element elementor-element-0b0ae57 elementor-widget elementor-widget-heading\" data-id=\"0b0ae57\" data-element_type=\"widget\" data-widget_type=\"heading.default\">\n\t\t\t\t<div class=\"elementor-widget-container\">\n\t\t\t\t\t<h2 class=\"elementor-heading-title elementor-size-default\">CNRS around the world<\/h2>\t\t\t\t<\/div>\n\t\t\t\t<\/div>\n\t\t\t\t<div class=\"elementor-element elementor-element-5c6e38b elementor-widget elementor-widget-spacer\" data-id=\"5c6e38b\" data-element_type=\"widget\" data-widget_type=\"spacer.default\">\n\t\t\t\t<div class=\"elementor-widget-container\">\n\t\t\t\t\t\t\t<div class=\"elementor-spacer\">\n\t\t\t<div class=\"elementor-spacer-inner\"><\/div>\n\t\t<\/div>\n\t\t\t\t\t\t<\/div>\n\t\t\t\t<\/div>\n\t\t\t\t<section class=\"elementor-section elementor-inner-section elementor-element elementor-element-2487a18 elementor-section-content-middle elementor-section-boxed elementor-section-height-default elementor-section-height-default\" data-id=\"2487a18\" data-element_type=\"section\" data-settings=\"{&quot;_ha_eqh_enable&quot;:false}\">\n\t\t\t\t\t\t<div class=\"elementor-container elementor-column-gap-default\">\n\t\t\t\t\t<div class=\"elementor-column elementor-col-33 elementor-inner-column elementor-element elementor-element-cada401\" data-id=\"cada401\" data-element_type=\"column\">\n\t\t\t<div class=\"elementor-widget-wrap elementor-element-populated\">\n\t\t\t\t\t\t<div class=\"elementor-element elementor-element-627cf11 counter elementor-widget elementor-widget-counter\" data-id=\"627cf11\" data-element_type=\"widget\" data-widget_type=\"counter.default\">\n\t\t\t\t<div class=\"elementor-widget-container\">\n\t\t\t\t\t\t\t<div class=\"elementor-counter\">\n\t\t\t<div class=\"elementor-counter-title\"><br> international laboratories worldwide<\/div>\t\t\t<div class=\"elementor-counter-number-wrapper\">\n\t\t\t\t<span class=\"elementor-counter-number-prefix\"><\/span>\n\t\t\t\t<span class=\"elementor-counter-number\" data-duration=\"2000\" data-to-value=\"80\" data-from-value=\"0\" data-delimiter=\",\">0<\/span>\n\t\t\t\t<span class=\"elementor-counter-number-suffix\"><\/span>\n\t\t\t<\/div>\n\t\t<\/div>\n\t\t\t\t\t\t<\/div>\n\t\t\t\t<\/div>\n\t\t\t\t\t<\/div>\n\t\t<\/div>\n\t\t\t\t<div class=\"elementor-column elementor-col-33 elementor-inner-column elementor-element elementor-element-d6934ef\" data-id=\"d6934ef\" data-element_type=\"column\">\n\t\t\t<div class=\"elementor-widget-wrap elementor-element-populated\">\n\t\t\t\t\t\t<div class=\"elementor-element elementor-element-5019a9c counter elementor-widget elementor-widget-counter\" data-id=\"5019a9c\" data-element_type=\"widget\" data-widget_type=\"counter.default\">\n\t\t\t\t<div class=\"elementor-widget-container\">\n\t\t\t\t\t\t\t<div class=\"elementor-counter\">\n\t\t\t<div class=\"elementor-counter-title\"><br>CNRS representation <br> offices abroad<\/div>\t\t\t<div class=\"elementor-counter-number-wrapper\">\n\t\t\t\t<span class=\"elementor-counter-number-prefix\"><\/span>\n\t\t\t\t<span class=\"elementor-counter-number\" data-duration=\"2000\" data-to-value=\"10\" data-from-value=\"0\" data-delimiter=\" \">0<\/span>\n\t\t\t\t<span class=\"elementor-counter-number-suffix\"><\/span>\n\t\t\t<\/div>\n\t\t<\/div>\n\t\t\t\t\t\t<\/div>\n\t\t\t\t<\/div>\n\t\t\t\t\t<\/div>\n\t\t<\/div>\n\t\t\t\t<div class=\"elementor-column elementor-col-33 elementor-inner-column elementor-element elementor-element-596cefb elementor-hidden-tablet elementor-hidden-mobile_extra elementor-hidden-mobile\" data-id=\"596cefb\" data-element_type=\"column\">\n\t\t\t<div class=\"elementor-widget-wrap\">\n\t\t\t\t\t\t\t<\/div>\n\t\t<\/div>\n\t\t\t\t\t<\/div>\n\t\t<\/section>\n\t\t\t\t<div class=\"elementor-element elementor-element-c33e2dc elementor-widget elementor-widget-spacer\" data-id=\"c33e2dc\" data-element_type=\"widget\" data-widget_type=\"spacer.default\">\n\t\t\t\t<div class=\"elementor-widget-container\">\n\t\t\t\t\t\t\t<div class=\"elementor-spacer\">\n\t\t\t<div class=\"elementor-spacer-inner\"><\/div>\n\t\t<\/div>\n\t\t\t\t\t\t<\/div>\n\t\t\t\t<\/div>\n\t\t\t\t<div class=\"elementor-element elementor-element-206a031 elementor-align-center elementor-widget elementor-widget-button\" data-id=\"206a031\" data-element_type=\"widget\" data-widget_type=\"button.default\">\n\t\t\t\t<div class=\"elementor-widget-container\">\n\t\t\t\t\t\t\t\t\t<div class=\"elementor-button-wrapper\">\n\t\t\t\t\t<a class=\"elementor-button elementor-button-link elementor-size-sm\" href=\"https:\/\/www.cnrs.fr\/en\">\n\t\t\t\t\t\t<span class=\"elementor-button-content-wrapper\">\n\t\t\t\t\t\t\t\t\t<span class=\"elementor-button-text\">Visit the CNRS website<\/span>\n\t\t\t\t\t<\/span>\n\t\t\t\t\t<\/a>\n\t\t\t\t<\/div>\n\t\t\t\t\t\t\t\t<\/div>\n\t\t\t\t<\/div>\n\t\t\t\t\t<\/div>\n\t\t<\/div>\n\t\t\t\t\t<\/div>\n\t\t<\/section>\n\t\t\t\t<\/div>\n\t\t","protected":false},"excerpt":{"rendered":"<p>CNRS in numbers Key Figures The CNRS is a national research organisation established throughout the country. Today, it is the largest public research body in Europe and the second largest in the world. To maintain this ranking means enabling the innovation of tomorrow and contributing to the national leading role in scientific advancement by ensuring [&hellip;]<\/p>\n","protected":false},"author":1,"featured_media":0,"parent":0,"menu_order":0,"comment_status":"closed","ping_status":"closed","template":"elementor_header_footer","meta":{"_acf_changed":false,"inline_featured_image":false,"footnotes":""},"class_list":["post-14062","page","type-page","status-publish","hentry"],"acf":[],"yoast_head":"<!-- This site is optimized with the Yoast SEO Premium plugin v25.9 (Yoast SEO v25.9) - https:\/\/yoast.com\/wordpress\/plugins\/seo\/ -->\n<title>CNRS key figures: CNRS in figures - CNRS Foundation<\/title>\n<meta name=\"description\" content=\"CNRS key figures: Today, it is the largest public research organization in Europe and the second largest in the world.\" \/>\n<meta name=\"robots\" content=\"index, follow, max-snippet:-1, max-image-preview:large, max-video-preview:-1\" \/>\n<link rel=\"canonical\" href=\"https:\/\/fondation-cnrs.org\/en\/cnrs-in-figures\/\" \/>\n<meta property=\"og:locale\" content=\"en_US\" \/>\n<meta property=\"og:type\" content=\"article\" \/>\n<meta property=\"og:title\" content=\"CNRS in figures\" \/>\n<meta property=\"og:description\" content=\"CNRS key figures: Today, it is the largest public research organization in Europe and the second largest in the world.\" \/>\n<meta property=\"og:url\" content=\"https:\/\/fondation-cnrs.org\/en\/cnrs-in-figures\/\" \/>\n<meta property=\"og:site_name\" content=\"CNRS Foundation\" \/>\n<meta property=\"article:modified_time\" content=\"2025-01-27T10:08:14+00:00\" \/>\n<meta property=\"og:image\" content=\"https:\/\/fondation-cnrs.org\/wp-content\/uploads\/2024\/10\/banner-page-cnrs-chiffres.jpg\" \/>\n<meta name=\"twitter:card\" content=\"summary_large_image\" \/>\n<meta name=\"twitter:label1\" content=\"Est. reading time\" \/>\n\t<meta name=\"twitter:data1\" content=\"1 minute\" \/>\n<script type=\"application\/ld+json\" class=\"yoast-schema-graph\">{\"@context\":\"https:\/\/schema.org\",\"@graph\":[{\"@type\":\"WebPage\",\"@id\":\"https:\/\/fondation-cnrs.org\/en\/cnrs-in-figures\/\",\"url\":\"https:\/\/fondation-cnrs.org\/en\/cnrs-in-figures\/\",\"name\":\"CNRS key figures: CNRS in figures - CNRS Foundation\",\"isPartOf\":{\"@id\":\"https:\/\/fondation-cnrs.org\/en\/#website\"},\"primaryImageOfPage\":{\"@id\":\"https:\/\/fondation-cnrs.org\/en\/cnrs-in-figures\/#primaryimage\"},\"image\":{\"@id\":\"https:\/\/fondation-cnrs.org\/en\/cnrs-in-figures\/#primaryimage\"},\"thumbnailUrl\":\"https:\/\/fondation-cnrs.org\/wp-content\/uploads\/2024\/10\/banner-page-cnrs-chiffres.jpg\",\"datePublished\":\"2023-07-06T15:25:52+00:00\",\"dateModified\":\"2025-01-27T10:08:14+00:00\",\"description\":\"CNRS key figures: Today, it is the largest public research organization in Europe and the second largest in the world.\",\"breadcrumb\":{\"@id\":\"https:\/\/fondation-cnrs.org\/en\/cnrs-in-figures\/#breadcrumb\"},\"inLanguage\":\"en-US\",\"potentialAction\":[{\"@type\":\"ReadAction\",\"target\":[\"https:\/\/fondation-cnrs.org\/en\/cnrs-in-figures\/\"]}]},{\"@type\":\"ImageObject\",\"inLanguage\":\"en-US\",\"@id\":\"https:\/\/fondation-cnrs.org\/en\/cnrs-in-figures\/#primaryimage\",\"url\":\"https:\/\/fondation-cnrs.org\/wp-content\/uploads\/2024\/10\/banner-page-cnrs-chiffres.jpg\",\"contentUrl\":\"https:\/\/fondation-cnrs.org\/wp-content\/uploads\/2024\/10\/banner-page-cnrs-chiffres.jpg\"},{\"@type\":\"BreadcrumbList\",\"@id\":\"https:\/\/fondation-cnrs.org\/en\/cnrs-in-figures\/#breadcrumb\",\"itemListElement\":[{\"@type\":\"ListItem\",\"position\":1,\"name\":\"Home\",\"item\":\"https:\/\/fondation-cnrs.org\/en\/\"},{\"@type\":\"ListItem\",\"position\":2,\"name\":\"CNRS in figures\"}]},{\"@type\":\"WebSite\",\"@id\":\"https:\/\/fondation-cnrs.org\/en\/#website\",\"url\":\"https:\/\/fondation-cnrs.org\/en\/\",\"name\":\"CNRS Foundation\",\"description\":\"Soutenez la recherche scientifique \u00e0 son plus haut niveau gr\u00e2ce \u00e0 la Fondation CNRS, la fondation du premier centre de recherche scientifique en France et en Europe.Support scientific research at its highest level thanks to the CNRS Foundation, the foundation of the first scientific research center in France and Europe.\",\"publisher\":{\"@id\":\"https:\/\/fondation-cnrs.org\/en\/#organization\"},\"potentialAction\":[{\"@type\":\"SearchAction\",\"target\":{\"@type\":\"EntryPoint\",\"urlTemplate\":\"https:\/\/fondation-cnrs.org\/en\/?s={search_term_string}\"},\"query-input\":{\"@type\":\"PropertyValueSpecification\",\"valueRequired\":true,\"valueName\":\"search_term_string\"}}],\"inLanguage\":\"en-US\"},{\"@type\":\"Organization\",\"@id\":\"https:\/\/fondation-cnrs.org\/en\/#organization\",\"name\":\"CNRS Foundation\",\"url\":\"https:\/\/fondation-cnrs.org\/en\/\",\"logo\":{\"@type\":\"ImageObject\",\"inLanguage\":\"en-US\",\"@id\":\"https:\/\/fondation-cnrs.org\/en\/#\/schema\/logo\/image\/\",\"url\":\"https:\/\/fondation-cnrs.org\/wp-content\/uploads\/2023\/07\/logo-cnrs_fondation.png\",\"contentUrl\":\"https:\/\/fondation-cnrs.org\/wp-content\/uploads\/2023\/07\/logo-cnrs_fondation.png\",\"width\":1807,\"height\":400,\"caption\":\"CNRS Foundation\"},\"image\":{\"@id\":\"https:\/\/fondation-cnrs.org\/en\/#\/schema\/logo\/image\/\"},\"sameAs\":[\"https:\/\/fr.linkedin.com\/company\/fondation-cnrs\"]}]}<\/script>\n<!-- \/ Yoast SEO Premium plugin. -->","yoast_head_json":{"title":"CNRS key figures: CNRS in figures - CNRS Foundation","description":"CNRS key figures: Today, it is the largest public research organization in Europe and the second largest in the world.","robots":{"index":"index","follow":"follow","max-snippet":"max-snippet:-1","max-image-preview":"max-image-preview:large","max-video-preview":"max-video-preview:-1"},"canonical":"https:\/\/fondation-cnrs.org\/en\/cnrs-in-figures\/","og_locale":"en_US","og_type":"article","og_title":"CNRS in figures","og_description":"CNRS key figures: Today, it is the largest public research organization in Europe and the second largest in the world.","og_url":"https:\/\/fondation-cnrs.org\/en\/cnrs-in-figures\/","og_site_name":"CNRS Foundation","article_modified_time":"2025-01-27T10:08:14+00:00","og_image":[{"url":"https:\/\/fondation-cnrs.org\/wp-content\/uploads\/2024\/10\/banner-page-cnrs-chiffres.jpg","type":"","width":"","height":""}],"twitter_card":"summary_large_image","twitter_misc":{"Est. reading time":"1 minute"},"schema":{"@context":"https:\/\/schema.org","@graph":[{"@type":"WebPage","@id":"https:\/\/fondation-cnrs.org\/en\/cnrs-in-figures\/","url":"https:\/\/fondation-cnrs.org\/en\/cnrs-in-figures\/","name":"CNRS key figures: CNRS in figures - CNRS Foundation","isPartOf":{"@id":"https:\/\/fondation-cnrs.org\/en\/#website"},"primaryImageOfPage":{"@id":"https:\/\/fondation-cnrs.org\/en\/cnrs-in-figures\/#primaryimage"},"image":{"@id":"https:\/\/fondation-cnrs.org\/en\/cnrs-in-figures\/#primaryimage"},"thumbnailUrl":"https:\/\/fondation-cnrs.org\/wp-content\/uploads\/2024\/10\/banner-page-cnrs-chiffres.jpg","datePublished":"2023-07-06T15:25:52+00:00","dateModified":"2025-01-27T10:08:14+00:00","description":"CNRS key figures: Today, it is the largest public research organization in Europe and the second largest in the world.","breadcrumb":{"@id":"https:\/\/fondation-cnrs.org\/en\/cnrs-in-figures\/#breadcrumb"},"inLanguage":"en-US","potentialAction":[{"@type":"ReadAction","target":["https:\/\/fondation-cnrs.org\/en\/cnrs-in-figures\/"]}]},{"@type":"ImageObject","inLanguage":"en-US","@id":"https:\/\/fondation-cnrs.org\/en\/cnrs-in-figures\/#primaryimage","url":"https:\/\/fondation-cnrs.org\/wp-content\/uploads\/2024\/10\/banner-page-cnrs-chiffres.jpg","contentUrl":"https:\/\/fondation-cnrs.org\/wp-content\/uploads\/2024\/10\/banner-page-cnrs-chiffres.jpg"},{"@type":"BreadcrumbList","@id":"https:\/\/fondation-cnrs.org\/en\/cnrs-in-figures\/#breadcrumb","itemListElement":[{"@type":"ListItem","position":1,"name":"Home","item":"https:\/\/fondation-cnrs.org\/en\/"},{"@type":"ListItem","position":2,"name":"CNRS in figures"}]},{"@type":"WebSite","@id":"https:\/\/fondation-cnrs.org\/en\/#website","url":"https:\/\/fondation-cnrs.org\/en\/","name":"CNRS Foundation","description":"Soutenez la recherche scientifique \u00e0 son plus haut niveau gr\u00e2ce \u00e0 la Fondation CNRS, la fondation du premier centre de recherche scientifique en France et en Europe.Support scientific research at its highest level thanks to the CNRS Foundation, the foundation of the first scientific research center in France and Europe.","publisher":{"@id":"https:\/\/fondation-cnrs.org\/en\/#organization"},"potentialAction":[{"@type":"SearchAction","target":{"@type":"EntryPoint","urlTemplate":"https:\/\/fondation-cnrs.org\/en\/?s={search_term_string}"},"query-input":{"@type":"PropertyValueSpecification","valueRequired":true,"valueName":"search_term_string"}}],"inLanguage":"en-US"},{"@type":"Organization","@id":"https:\/\/fondation-cnrs.org\/en\/#organization","name":"CNRS Foundation","url":"https:\/\/fondation-cnrs.org\/en\/","logo":{"@type":"ImageObject","inLanguage":"en-US","@id":"https:\/\/fondation-cnrs.org\/en\/#\/schema\/logo\/image\/","url":"https:\/\/fondation-cnrs.org\/wp-content\/uploads\/2023\/07\/logo-cnrs_fondation.png","contentUrl":"https:\/\/fondation-cnrs.org\/wp-content\/uploads\/2023\/07\/logo-cnrs_fondation.png","width":1807,"height":400,"caption":"CNRS Foundation"},"image":{"@id":"https:\/\/fondation-cnrs.org\/en\/#\/schema\/logo\/image\/"},"sameAs":["https:\/\/fr.linkedin.com\/company\/fondation-cnrs"]}]}},"_links":{"self":[{"href":"https:\/\/fondation-cnrs.org\/en\/wp-json\/wp\/v2\/pages\/14062","targetHints":{"allow":["GET"]}}],"collection":[{"href":"https:\/\/fondation-cnrs.org\/en\/wp-json\/wp\/v2\/pages"}],"about":[{"href":"https:\/\/fondation-cnrs.org\/en\/wp-json\/wp\/v2\/types\/page"}],"author":[{"embeddable":true,"href":"https:\/\/fondation-cnrs.org\/en\/wp-json\/wp\/v2\/users\/1"}],"replies":[{"embeddable":true,"href":"https:\/\/fondation-cnrs.org\/en\/wp-json\/wp\/v2\/comments?post=14062"}],"version-history":[{"count":0,"href":"https:\/\/fondation-cnrs.org\/en\/wp-json\/wp\/v2\/pages\/14062\/revisions"}],"wp:attachment":[{"href":"https:\/\/fondation-cnrs.org\/en\/wp-json\/wp\/v2\/media?parent=14062"}],"curies":[{"name":"wp","href":"https:\/\/api.w.org\/{rel}","templated":true}]}}